{"id":1475,"date":"2023-11-30T14:31:13","date_gmt":"2023-11-30T13:31:13","guid":{"rendered":"https:\/\/batorikft.hu\/?page_id=1475"},"modified":"2023-11-30T14:43:53","modified_gmt":"2023-11-30T13:43:53","slug":"raktaraink","status":"publish","type":"page","link":"https:\/\/batorikft.hu\/de\/raktaraink\/","title":{"rendered":"unsere Lager"},"content":{"rendered":"<div data-elementor-type=\"wp-page\" data-elementor-id=\"1475\" class=\"elementor elementor-1475\" data-elementor-post-type=\"page\">\n\t\t\t\t<div class=\"elementor-element elementor-element-ed6e282 e-flex e-con-boxed e-con e-parent\" data-id=\"ed6e282\" data-element_type=\"container\" data-e-type=\"container\" data-settings=\"{&quot;background_background&quot;:&quot;classic&quot;,&quot;jet_parallax_layout_list&quot;:[]}\">\n\t\t\t\t\t<div class=\"e-con-inner\">\n\t\t<div class=\"elementor-element elementor-element-65b2f87 e-con-full e-flex e-con e-child\" data-id=\"65b2f87\" data-element_type=\"container\" data-e-type=\"container\" data-settings=\"{&quot;jet_parallax_layout_list&quot;:[]}\">\n\t\t\t\t<div class=\"elementor-element elementor-element-f4e24cf de_scroll_animation_no elementor-invisible elementor-widget elementor-widget-heading\" data-id=\"f4e24cf\" data-element_type=\"widget\" data-e-type=\"widget\" data-settings=\"{&quot;_animation&quot;:&quot;fadeInUp&quot;}\" data-widget_type=\"heading.default\">\n\t\t\t\t<div class=\"elementor-widget-container\">\n\t\t\t\t\t<h1 class=\"elementor-heading-title elementor-size-default\">unsere Lager<\/h1>\t\t\t\t<\/div>\n\t\t\t\t<\/div>\n\t\t\t\t<div class=\"elementor-element elementor-element-e596b4e elementor-icon-list--layout-inline elementor-align-center elementor-list-item-link-full_width de_scroll_animation_no elementor-widget elementor-widget-icon-list\" data-id=\"e596b4e\" data-element_type=\"widget\" data-e-type=\"widget\" data-widget_type=\"icon-list.default\">\n\t\t\t\t<div class=\"elementor-widget-container\">\n\t\t\t\t\t\t\t<ul class=\"elementor-icon-list-items elementor-inline-items\">\n\t\t\t\t\t\t\t<li class=\"elementor-icon-list-item elementor-inline-item\">\n\t\t\t\t\t\t\t\t\t\t\t<a href=\"https:\/\/batorikft.hu\/de\/\">\n\n\t\t\t\t\t\t\t\t\t\t\t<span class=\"elementor-icon-list-text\">Startseite<\/span>\n\t\t\t\t\t\t\t\t\t\t\t<\/a>\n\t\t\t\t\t\t\t\t\t<\/li>\n\t\t\t\t\t\t\t\t<li class=\"elementor-icon-list-item elementor-inline-item\">\n\t\t\t\t\t\t\t\t\t\t<span class=\"elementor-icon-list-text\">\/<\/span>\n\t\t\t\t\t\t\t\t\t<\/li>\n\t\t\t\t\t\t\t\t<li class=\"elementor-icon-list-item elementor-inline-item\">\n\t\t\t\t\t\t\t\t\t\t\t<a href=\"https:\/\/batorikft.hu\/de\/raktaraink\/\">\n\n\t\t\t\t\t\t\t\t\t\t\t<span class=\"elementor-icon-list-text\">unsere Lager<\/span>\n\t\t\t\t\t\t\t\t\t\t\t<\/a>\n\t\t\t\t\t\t\t\t\t<\/li>\n\t\t\t\t\t\t<\/ul>\n\t\t\t\t\t\t<\/div>\n\t\t\t\t<\/div>\n\t\t\t\t<\/div>\n\t\t\t\t\t<\/div>\n\t\t\t\t<\/div>\n\t\t<div class=\"elementor-element elementor-element-b5820c9 e-flex e-con-boxed e-con e-parent\" data-id=\"b5820c9\" data-element_type=\"container\" data-e-type=\"container\" data-settings=\"{&quot;jet_parallax_layout_list&quot;:[]}\">\n\t\t\t\t\t<div class=\"e-con-inner\">\n\t\t<div class=\"elementor-element elementor-element-b1150d7 e-con-full e-flex e-con e-child\" data-id=\"b1150d7\" data-element_type=\"container\" data-e-type=\"container\" data-settings=\"{&quot;background_background&quot;:&quot;classic&quot;,&quot;jet_parallax_layout_list&quot;:[]}\">\n\t\t\t\t<div class=\"elementor-element elementor-element-6d3cd6d elementor-widget__width-auto elementor-absolute de_scroll_animation_no elementor-widget elementor-widget-image\" data-id=\"6d3cd6d\" data-element_type=\"widget\" data-e-type=\"widget\" data-settings=\"{&quot;_position&quot;:&quot;absolute&quot;}\" data-widget_type=\"image.default\">\n\t\t\t\t<div class=\"elementor-widget-container\">\n\t\t\t\t\t\t\t\t\t\t\t\t\t\t\t<img decoding=\"async\" width=\"116\" height=\"116\" src=\"https:\/\/batorikft.hu\/wp-content\/uploads\/2023\/07\/Group-large.png\" class=\"attachment-large size-large wp-image-95\" alt=\"Group large\" \/>\t\t\t\t\t\t\t\t\t\t\t\t\t\t\t<\/div>\n\t\t\t\t<\/div>\n\t\t<div class=\"elementor-element elementor-element-b6558ed e-con-full e-flex e-con e-child\" data-id=\"b6558ed\" data-element_type=\"container\" data-e-type=\"container\" data-settings=\"{&quot;jet_parallax_layout_list&quot;:[]}\">\n\t\t\t\t<div class=\"elementor-element elementor-element-5878f50 de_scroll_animation_no elementor-widget elementor-widget-video\" data-id=\"5878f50\" data-element_type=\"widget\" data-e-type=\"widget\" data-settings=\"{&quot;video_type&quot;:&quot;hosted&quot;,&quot;autoplay&quot;:&quot;yes&quot;,&quot;play_on_mobile&quot;:&quot;yes&quot;,&quot;loop&quot;:&quot;yes&quot;,&quot;controls&quot;:&quot;yes&quot;}\" data-widget_type=\"video.default\">\n\t\t\t\t<div class=\"elementor-widget-container\">\n\t\t\t\t\t\t\t<div class=\"e-hosted-video elementor-wrapper elementor-open-inline\">\n\t\t\t\t\t<video class=\"elementor-video\" src=\"https:\/\/batorikft.hu\/wp-content\/uploads\/2023\/11\/Raktaraink-video.mp4\" autoplay=\"\" loop=\"\" controls=\"\" playsinline=\"\" controlslist=\"nodownload\"><\/video>\n\t\t\t\t<\/div>\n\t\t\t\t\t\t<\/div>\n\t\t\t\t<\/div>\n\t\t\t\t<div class=\"elementor-element elementor-element-c9d618b elementor-widget__width-auto elementor-absolute de_scroll_animation_no elementor-widget elementor-widget-image\" data-id=\"c9d618b\" data-element_type=\"widget\" data-e-type=\"widget\" data-settings=\"{&quot;_position&quot;:&quot;absolute&quot;}\" data-widget_type=\"image.default\">\n\t\t\t\t<div class=\"elementor-widget-container\">\n\t\t\t\t\t\t\t\t\t\t\t\t\t\t\t<img decoding=\"async\" width=\"116\" height=\"116\" src=\"https:\/\/batorikft.hu\/wp-content\/uploads\/2023\/07\/Group-large.png\" class=\"attachment-large size-large wp-image-95\" alt=\"Group large\" \/>\t\t\t\t\t\t\t\t\t\t\t\t\t\t\t<\/div>\n\t\t\t\t<\/div>\n\t\t\t\t<\/div>\n\t\t\t\t<\/div>\n\t\t\t\t\t<\/div>\n\t\t\t\t<\/div>\n\t\t\t\t<\/div>","protected":false},"excerpt":{"rendered":"<p>Rakt\u00e1raink Kezd\u0151lap \/ Rakt\u00e1raink https:\/\/batorikft.hu\/wp-content\/uploads\/2023\/11\/Raktaraink-video.mp4<\/p>","protected":false},"author":1,"featured_media":0,"parent":0,"menu_order":0,"comment_status":"closed","ping_status":"closed","template":"elementor_header_footer","meta":{"footnotes":""},"class_list":["post-1475","page","type-page","status-publish"],"yoast_head":"<!-- This site is optimized with the Yoast SEO plugin v27.4 - https:\/\/yoast.com\/product\/yoast-seo-wordpress\/ -->\n<title>Rakt\u00e1raink - B\u00e1tori Kft.<\/title>\n<meta name=\"robots\" content=\"index, follow, max-snippet:-1, max-image-preview:large, max-video-preview:-1\" \/>\n<link rel=\"canonical\" href=\"https:\/\/batorikft.hu\/de\/raktaraink\/\" \/>\n<meta property=\"og:locale\" content=\"de_DE\" \/>\n<meta property=\"og:type\" content=\"article\" \/>\n<meta property=\"og:title\" content=\"Rakt\u00e1raink - B\u00e1tori Kft.\" \/>\n<meta property=\"og:description\" content=\"Rakt\u00e1raink Kezd\u0151lap \/ Rakt\u00e1raink https:\/\/batorikft.hu\/wp-content\/uploads\/2023\/11\/Raktaraink-video.mp4\" \/>\n<meta property=\"og:url\" content=\"https:\/\/batorikft.hu\/de\/raktaraink\/\" \/>\n<meta property=\"og:site_name\" content=\"B\u00e1tori Kft.\" \/>\n<meta property=\"article:modified_time\" content=\"2023-11-30T13:43:53+00:00\" \/>\n<meta property=\"og:image\" content=\"https:\/\/batorikft.hu\/wp-content\/uploads\/2023\/07\/Group-large.png\" \/>\n<meta name=\"twitter:card\" content=\"summary_large_image\" \/>\n<meta name=\"twitter:label1\" content=\"Gesch\u00e4tzte Lesezeit\" \/>\n\t<meta name=\"twitter:data1\" content=\"1\u00a0Minute\" \/>\n<script type=\"application\/ld+json\" class=\"yoast-schema-graph\">{\"@context\":\"https:\\\/\\\/schema.org\",\"@graph\":[{\"@type\":\"WebPage\",\"@id\":\"https:\\\/\\\/batorikft.hu\\\/raktaraink\\\/\",\"url\":\"https:\\\/\\\/batorikft.hu\\\/raktaraink\\\/\",\"name\":\"Rakt\u00e1raink - B\u00e1tori Kft.\",\"isPartOf\":{\"@id\":\"https:\\\/\\\/batorikft.hu\\\/#website\"},\"primaryImageOfPage\":{\"@id\":\"https:\\\/\\\/batorikft.hu\\\/raktaraink\\\/#primaryimage\"},\"image\":{\"@id\":\"https:\\\/\\\/batorikft.hu\\\/raktaraink\\\/#primaryimage\"},\"thumbnailUrl\":\"https:\\\/\\\/batorikft.hu\\\/wp-content\\\/uploads\\\/2023\\\/07\\\/Group-large.png\",\"datePublished\":\"2023-11-30T13:31:13+00:00\",\"dateModified\":\"2023-11-30T13:43:53+00:00\",\"breadcrumb\":{\"@id\":\"https:\\\/\\\/batorikft.hu\\\/raktaraink\\\/#breadcrumb\"},\"inLanguage\":\"de\",\"potentialAction\":[{\"@type\":\"ReadAction\",\"target\":[\"https:\\\/\\\/batorikft.hu\\\/raktaraink\\\/\"]}]},{\"@type\":\"ImageObject\",\"inLanguage\":\"de\",\"@id\":\"https:\\\/\\\/batorikft.hu\\\/raktaraink\\\/#primaryimage\",\"url\":\"https:\\\/\\\/batorikft.hu\\\/wp-content\\\/uploads\\\/2023\\\/07\\\/Group-large.png\",\"contentUrl\":\"https:\\\/\\\/batorikft.hu\\\/wp-content\\\/uploads\\\/2023\\\/07\\\/Group-large.png\"},{\"@type\":\"BreadcrumbList\",\"@id\":\"https:\\\/\\\/batorikft.hu\\\/raktaraink\\\/#breadcrumb\",\"itemListElement\":[{\"@type\":\"ListItem\",\"position\":1,\"name\":\"Kezd\u0151lap\",\"item\":\"https:\\\/\\\/batorikft.hu\\\/\"},{\"@type\":\"ListItem\",\"position\":2,\"name\":\"Rakt\u00e1raink\"}]},{\"@type\":\"WebSite\",\"@id\":\"https:\\\/\\\/batorikft.hu\\\/#website\",\"url\":\"https:\\\/\\\/batorikft.hu\\\/\",\"name\":\"B\u00e1tori Kft.\",\"description\":\"Rakt\u00e1roz\u00e1si \u00e9s logisztikai k\u00f6zpont: 30 000 m\u00b2 rakt\u00e1rkapacit\u00e1ssal \u00e9s saj\u00e1t iparv\u00e1g\u00e1nnyal\",\"publisher\":{\"@id\":\"https:\\\/\\\/batorikft.hu\\\/#organization\"},\"potentialAction\":[{\"@type\":\"SearchAction\",\"target\":{\"@type\":\"EntryPoint\",\"urlTemplate\":\"https:\\\/\\\/batorikft.hu\\\/?s={search_term_string}\"},\"query-input\":{\"@type\":\"PropertyValueSpecification\",\"valueRequired\":true,\"valueName\":\"search_term_string\"}}],\"inLanguage\":\"de\"},{\"@type\":\"Organization\",\"@id\":\"https:\\\/\\\/batorikft.hu\\\/#organization\",\"name\":\"B\u00e1tori Kft.\",\"url\":\"https:\\\/\\\/batorikft.hu\\\/\",\"logo\":{\"@type\":\"ImageObject\",\"inLanguage\":\"de\",\"@id\":\"https:\\\/\\\/batorikft.hu\\\/#\\\/schema\\\/logo\\\/image\\\/\",\"url\":\"https:\\\/\\\/batorikft.hu\\\/wp-content\\\/uploads\\\/2023\\\/07\\\/cropped-BatoriKft_logo-1.png\",\"contentUrl\":\"https:\\\/\\\/batorikft.hu\\\/wp-content\\\/uploads\\\/2023\\\/07\\\/cropped-BatoriKft_logo-1.png\",\"width\":511,\"height\":511,\"caption\":\"B\u00e1tori Kft.\"},\"image\":{\"@id\":\"https:\\\/\\\/batorikft.hu\\\/#\\\/schema\\\/logo\\\/image\\\/\"}}]}<\/script>\n<!-- \/ Yoast SEO plugin. -->","yoast_head_json":{"title":"Rakt\u00e1raink - B\u00e1tori Kft.","robots":{"index":"index","follow":"follow","max-snippet":"max-snippet:-1","max-image-preview":"max-image-preview:large","max-video-preview":"max-video-preview:-1"},"canonical":"https:\/\/batorikft.hu\/de\/raktaraink\/","og_locale":"de_DE","og_type":"article","og_title":"Rakt\u00e1raink - B\u00e1tori Kft.","og_description":"Rakt\u00e1raink Kezd\u0151lap \/ Rakt\u00e1raink https:\/\/batorikft.hu\/wp-content\/uploads\/2023\/11\/Raktaraink-video.mp4","og_url":"https:\/\/batorikft.hu\/de\/raktaraink\/","og_site_name":"B\u00e1tori Kft.","article_modified_time":"2023-11-30T13:43:53+00:00","og_image":[{"url":"https:\/\/batorikft.hu\/wp-content\/uploads\/2023\/07\/Group-large.png","type":"","width":"","height":""}],"twitter_card":"summary_large_image","twitter_misc":{"Gesch\u00e4tzte Lesezeit":"1\u00a0Minute"},"schema":{"@context":"https:\/\/schema.org","@graph":[{"@type":"WebPage","@id":"https:\/\/batorikft.hu\/raktaraink\/","url":"https:\/\/batorikft.hu\/raktaraink\/","name":"Rakt\u00e1raink - B\u00e1tori Kft.","isPartOf":{"@id":"https:\/\/batorikft.hu\/#website"},"primaryImageOfPage":{"@id":"https:\/\/batorikft.hu\/raktaraink\/#primaryimage"},"image":{"@id":"https:\/\/batorikft.hu\/raktaraink\/#primaryimage"},"thumbnailUrl":"https:\/\/batorikft.hu\/wp-content\/uploads\/2023\/07\/Group-large.png","datePublished":"2023-11-30T13:31:13+00:00","dateModified":"2023-11-30T13:43:53+00:00","breadcrumb":{"@id":"https:\/\/batorikft.hu\/raktaraink\/#breadcrumb"},"inLanguage":"de","potentialAction":[{"@type":"ReadAction","target":["https:\/\/batorikft.hu\/raktaraink\/"]}]},{"@type":"ImageObject","inLanguage":"de","@id":"https:\/\/batorikft.hu\/raktaraink\/#primaryimage","url":"https:\/\/batorikft.hu\/wp-content\/uploads\/2023\/07\/Group-large.png","contentUrl":"https:\/\/batorikft.hu\/wp-content\/uploads\/2023\/07\/Group-large.png"},{"@type":"BreadcrumbList","@id":"https:\/\/batorikft.hu\/raktaraink\/#breadcrumb","itemListElement":[{"@type":"ListItem","position":1,"name":"Kezd\u0151lap","item":"https:\/\/batorikft.hu\/"},{"@type":"ListItem","position":2,"name":"Rakt\u00e1raink"}]},{"@type":"WebSite","@id":"https:\/\/batorikft.hu\/#website","url":"https:\/\/batorikft.hu\/","name":"B\u00e1tori Kft.","description":"Rakt\u00e1roz\u00e1si \u00e9s logisztikai k\u00f6zpont: 30 000 m\u00b2 rakt\u00e1rkapacit\u00e1ssal \u00e9s saj\u00e1t iparv\u00e1g\u00e1nnyal","publisher":{"@id":"https:\/\/batorikft.hu\/#organization"},"potentialAction":[{"@type":"SearchAction","target":{"@type":"EntryPoint","urlTemplate":"https:\/\/batorikft.hu\/?s={search_term_string}"},"query-input":{"@type":"PropertyValueSpecification","valueRequired":true,"valueName":"search_term_string"}}],"inLanguage":"de"},{"@type":"Organization","@id":"https:\/\/batorikft.hu\/#organization","name":"B\u00e1tori Kft.","url":"https:\/\/batorikft.hu\/","logo":{"@type":"ImageObject","inLanguage":"de","@id":"https:\/\/batorikft.hu\/#\/schema\/logo\/image\/","url":"https:\/\/batorikft.hu\/wp-content\/uploads\/2023\/07\/cropped-BatoriKft_logo-1.png","contentUrl":"https:\/\/batorikft.hu\/wp-content\/uploads\/2023\/07\/cropped-BatoriKft_logo-1.png","width":511,"height":511,"caption":"B\u00e1tori Kft."},"image":{"@id":"https:\/\/batorikft.hu\/#\/schema\/logo\/image\/"}}]}},"_links":{"self":[{"href":"https:\/\/batorikft.hu\/de\/wp-json\/wp\/v2\/pages\/1475","targetHints":{"allow":["GET"]}}],"collection":[{"href":"https:\/\/batorikft.hu\/de\/wp-json\/wp\/v2\/pages"}],"about":[{"href":"https:\/\/batorikft.hu\/de\/wp-json\/wp\/v2\/types\/page"}],"author":[{"embeddable":true,"href":"https:\/\/batorikft.hu\/de\/wp-json\/wp\/v2\/users\/1"}],"replies":[{"embeddable":true,"href":"https:\/\/batorikft.hu\/de\/wp-json\/wp\/v2\/comments?post=1475"}],"version-history":[{"count":0,"href":"https:\/\/batorikft.hu\/de\/wp-json\/wp\/v2\/pages\/1475\/revisions"}],"wp:attachment":[{"href":"https:\/\/batorikft.hu\/de\/wp-json\/wp\/v2\/media?parent=1475"}],"curies":[{"name":"wp","href":"https:\/\/api.w.org\/{rel}","templated":true}]}}