{"id":440,"date":"2023-07-19T13:23:33","date_gmt":"2023-07-19T11:23:33","guid":{"rendered":"https:\/\/batorikft.hu\/?page_id=440"},"modified":"2023-09-20T09:33:24","modified_gmt":"2023-09-20T07:33:24","slug":"hirek","status":"publish","type":"page","link":"https:\/\/batorikft.hu\/de\/hirek\/","title":{"rendered":"Nachricht"},"content":{"rendered":"<div data-elementor-type=\"wp-page\" data-elementor-id=\"440\" class=\"elementor elementor-440\" data-elementor-post-type=\"page\">\n\t\t\t\t<div class=\"elementor-element elementor-element-11eb16ef e-flex e-con-boxed e-con e-parent\" data-id=\"11eb16ef\" data-element_type=\"container\" data-e-type=\"container\" data-settings=\"{&quot;background_background&quot;:&quot;classic&quot;,&quot;jet_parallax_layout_list&quot;:[]}\">\n\t\t\t\t\t<div class=\"e-con-inner\">\n\t\t<div class=\"elementor-element elementor-element-1e24ea14 e-con-full e-flex e-con e-child\" data-id=\"1e24ea14\" data-element_type=\"container\" data-e-type=\"container\" data-settings=\"{&quot;jet_parallax_layout_list&quot;:[]}\">\n\t\t\t\t<div class=\"elementor-element elementor-element-2af5c170 de_scroll_animation_no elementor-invisible elementor-widget elementor-widget-heading\" data-id=\"2af5c170\" data-element_type=\"widget\" data-e-type=\"widget\" data-settings=\"{&quot;_animation&quot;:&quot;fadeInUp&quot;}\" data-widget_type=\"heading.default\">\n\t\t\t\t<div class=\"elementor-widget-container\">\n\t\t\t\t\t<h1 class=\"elementor-heading-title elementor-size-default\">Nachricht<\/h1>\t\t\t\t<\/div>\n\t\t\t\t<\/div>\n\t\t\t\t<div class=\"elementor-element elementor-element-2a9ef4c1 elementor-icon-list--layout-inline elementor-align-center elementor-list-item-link-full_width de_scroll_animation_no elementor-widget elementor-widget-icon-list\" data-id=\"2a9ef4c1\" data-element_type=\"widget\" data-e-type=\"widget\" data-widget_type=\"icon-list.default\">\n\t\t\t\t<div class=\"elementor-widget-container\">\n\t\t\t\t\t\t\t<ul class=\"elementor-icon-list-items elementor-inline-items\">\n\t\t\t\t\t\t\t<li class=\"elementor-icon-list-item elementor-inline-item\">\n\t\t\t\t\t\t\t\t\t\t\t<a href=\"https:\/\/batorikft.hu\/de\/\">\n\n\t\t\t\t\t\t\t\t\t\t\t<span class=\"elementor-icon-list-text\">Startseite<\/span>\n\t\t\t\t\t\t\t\t\t\t\t<\/a>\n\t\t\t\t\t\t\t\t\t<\/li>\n\t\t\t\t\t\t\t\t<li class=\"elementor-icon-list-item elementor-inline-item\">\n\t\t\t\t\t\t\t\t\t\t<span class=\"elementor-icon-list-text\">\/<\/span>\n\t\t\t\t\t\t\t\t\t<\/li>\n\t\t\t\t\t\t\t\t<li class=\"elementor-icon-list-item elementor-inline-item\">\n\t\t\t\t\t\t\t\t\t\t\t<a href=\"https:\/\/batorikft.hu\/de\/hirek\/\">\n\n\t\t\t\t\t\t\t\t\t\t\t<span class=\"elementor-icon-list-text\">Nachricht<\/span>\n\t\t\t\t\t\t\t\t\t\t\t<\/a>\n\t\t\t\t\t\t\t\t\t<\/li>\n\t\t\t\t\t\t<\/ul>\n\t\t\t\t\t\t<\/div>\n\t\t\t\t<\/div>\n\t\t\t\t<\/div>\n\t\t\t\t\t<\/div>\n\t\t\t\t<\/div>\n\t\t<div class=\"elementor-element elementor-element-baa0b3b e-flex e-con-boxed e-con e-parent\" data-id=\"baa0b3b\" data-element_type=\"container\" data-e-type=\"container\" data-settings=\"{&quot;jet_parallax_layout_list&quot;:[]}\">\n\t\t\t\t\t<div class=\"e-con-inner\">\n\t\t\t\t<div class=\"elementor-element elementor-element-e95e5a2 de_scroll_animation_no elementor-widget elementor-widget-text-editor\" data-id=\"e95e5a2\" data-element_type=\"widget\" data-e-type=\"widget\" data-widget_type=\"text-editor.default\">\n\t\t\t\t<div class=\"elementor-widget-container\">\n\t\t\t\t\t\t\t\t\t<p><span style=\"font-weight: 400;\">Willkommen auf der Nachrichtenseite von B\u00e1tori Ltd. Hier teilen wir unsere neuesten Nachrichten und die wichtigsten Informationen \u00fcber Lagerhaltung und Immobilienverwaltung. Verfolgen Sie unsere Seite und bereichern Sie Ihr Wissen in der Branche!<\/span><\/p>\t\t\t\t\t\t\t\t<\/div>\n\t\t\t\t<\/div>\n\t\t\t\t\t<\/div>\n\t\t\t\t<\/div>\n\t\t<div class=\"elementor-element elementor-element-e2d83cb e-flex e-con-boxed e-con e-parent\" data-id=\"e2d83cb\" data-element_type=\"container\" data-e-type=\"container\" data-settings=\"{&quot;jet_parallax_layout_list&quot;:[]}\">\n\t\t\t\t\t<div class=\"e-con-inner\">\n\t\t\t\t<div class=\"elementor-element elementor-element-0d13480 elementor-grid-3 elementor-grid-tablet-2 elementor-grid-mobile-1 elementor-posts--thumbnail-top elementor-card-shadow-yes elementor-posts__hover-gradient de_scroll_animation_no elementor-widget elementor-widget-posts\" data-id=\"0d13480\" data-element_type=\"widget\" data-e-type=\"widget\" data-settings=\"{&quot;cards_columns&quot;:&quot;3&quot;,&quot;cards_columns_tablet&quot;:&quot;2&quot;,&quot;cards_columns_mobile&quot;:&quot;1&quot;,&quot;cards_row_gap&quot;:{&quot;unit&quot;:&quot;px&quot;,&quot;size&quot;:35,&quot;sizes&quot;:[]},&quot;cards_row_gap_tablet&quot;:{&quot;unit&quot;:&quot;px&quot;,&quot;size&quot;:&quot;&quot;,&quot;sizes&quot;:[]},&quot;cards_row_gap_mobile&quot;:{&quot;unit&quot;:&quot;px&quot;,&quot;size&quot;:&quot;&quot;,&quot;sizes&quot;:[]}}\" data-widget_type=\"posts.cards\">\n\t\t\t\t<div class=\"elementor-widget-container\">\n\t\t\t\t\t\t\t<div class=\"elementor-posts-container elementor-posts elementor-posts--skin-cards elementor-grid\">\n\t\t\t\t<article class=\"elementor-post elementor-grid-item post-1404 post type-post status-publish format-standard has-post-thumbnail hentry category-beruhazas\">\n\t\t\t<div class=\"elementor-post__card\">\n\t\t\t\t<a class=\"elementor-post__thumbnail__link\" href=\"https:\/\/batorikft.hu\/de\/ujabb-uzemcsarnokot-avattak-kecskemeten\/\" tabindex=\"-1\" ><div class=\"elementor-post__thumbnail\"><img fetchpriority=\"high\" decoding=\"async\" width=\"1200\" height=\"628\" src=\"https:\/\/batorikft.hu\/wp-content\/uploads\/2023\/11\/csarnokavato.jpg\" class=\"attachment-full size-full wp-image-1405\" alt=\"\" srcset=\"https:\/\/batorikft.hu\/wp-content\/uploads\/2023\/11\/csarnokavato.jpg 1200w, https:\/\/batorikft.hu\/wp-content\/uploads\/2023\/11\/csarnokavato-300x157.jpg 300w, https:\/\/batorikft.hu\/wp-content\/uploads\/2023\/11\/csarnokavato-1024x536.jpg 1024w, https:\/\/batorikft.hu\/wp-content\/uploads\/2023\/11\/csarnokavato-768x402.jpg 768w\" sizes=\"(max-width: 1200px) 100vw, 1200px\" \/><\/div><\/a>\n\t\t\t\t<div class=\"elementor-post__badge\">Beruh\u00e1z\u00e1s<\/div>\n\t\t\t\t<div class=\"elementor-post__text\">\n\t\t\t\t<h3 class=\"elementor-post__title\">\n\t\t\t<a href=\"https:\/\/batorikft.hu\/de\/ujabb-uzemcsarnokot-avattak-kecskemeten\/\" >\n\t\t\t\t\u00dajabb \u00fczemcsarnokot avattak Kecskem\u00e9ten\t\t\t<\/a>\n\t\t<\/h3>\n\t\t\t\t<div class=\"elementor-post__excerpt\">\n\t\t\t<p>\u00dajabb \u00fczemcsarnokot avattak Kecskem\u00e9ten. Ez\u00fattal a vas\u00fatlogisztika ter\u00fclet\u00e9n kiemelked\u0151 B\u00e1tori Kft. b\u0151v\u00edtette rakt\u00e1rkapacit\u00e1s\u00e1t egy \u00faj, 2000 n\u00e9gyzetm\u00e9teres csarnokkal, mely k\u00f6zel f\u00e9l milli\u00e1rd forintb\u00f3l val\u00f3sult meg.<\/p>\n\t\t<\/div>\n\t\t\n\t\t<a class=\"elementor-post__read-more\" href=\"https:\/\/batorikft.hu\/de\/ujabb-uzemcsarnokot-avattak-kecskemeten\/\" aria-label=\"Read more about \u00dajabb \u00fczemcsarnokot avattak Kecskem\u00e9ten\" tabindex=\"-1\" >\n\t\t\tTov\u00e1bb olvasom \u00bb\t\t<\/a>\n\n\t\t\t\t<\/div>\n\t\t\t\t<div class=\"elementor-post__meta-data\">\n\t\t\t\t\t<span class=\"elementor-post-date\">\n\t\t\t2023.11.07.\t\t<\/span>\n\t\t\t\t<\/div>\n\t\t\t\t\t<\/div>\n\t\t<\/article>\n\t\t\t\t<\/div>\n\t\t\n\t\t\t\t\t\t<\/div>\n\t\t\t\t<\/div>\n\t\t\t\t\t<\/div>\n\t\t\t\t<\/div>\n\t\t\t\t<\/div>","protected":false},"excerpt":{"rendered":"<p>H\u00edrek Kezd\u0151lap \/ H\u00edrek \u00dcdv\u00f6z\u00f6lj\u00fck a B\u00e1tori Kft. h\u00edrek oldal\u00e1n! Itt megosztjuk az \u00fajdons\u00e1gainkat \u00e9s legfontosabb tudnival\u00f3kat a rakt\u00e1roz\u00e1sr\u00f3l \u00e9s ingatlankezel\u00e9sr\u0151l. K\u00f6vesse nyomon oldalunkat \u00e9s gazdag\u00edtsa tud\u00e1s\u00e1t az ipar\u00e1gban!<\/p>","protected":false},"author":1,"featured_media":0,"parent":0,"menu_order":0,"comment_status":"closed","ping_status":"closed","template":"elementor_header_footer","meta":{"footnotes":""},"class_list":["post-440","page","type-page","status-publish","hentry"],"yoast_head":"<!-- This site is optimized with the Yoast SEO plugin v27.4 - https:\/\/yoast.com\/product\/yoast-seo-wordpress\/ -->\n<title>H\u00edrek - B\u00e1tori Kft.<\/title>\n<meta name=\"description\" content=\"\u00dcdv\u00f6z\u00f6lj\u00fck a B\u00e1tori Kft. h\u00edrek oldal\u00e1n! Itt megosztjuk az \u00fajdons\u00e1gainkat \u00e9s legfontosabb tudnival\u00f3kat a rakt\u00e1roz\u00e1sr\u00f3l \u00e9s ingatlankezel\u00e9sr\u0151l.\" \/>\n<meta name=\"robots\" content=\"index, follow, max-snippet:-1, max-image-preview:large, max-video-preview:-1\" \/>\n<link rel=\"canonical\" href=\"https:\/\/batorikft.hu\/de\/hirek\/\" \/>\n<meta property=\"og:locale\" content=\"de_DE\" \/>\n<meta property=\"og:type\" content=\"article\" \/>\n<meta property=\"og:title\" content=\"H\u00edrek - B\u00e1tori Kft.\" \/>\n<meta property=\"og:description\" content=\"\u00dcdv\u00f6z\u00f6lj\u00fck a B\u00e1tori Kft. h\u00edrek oldal\u00e1n! Itt megosztjuk az \u00fajdons\u00e1gainkat \u00e9s legfontosabb tudnival\u00f3kat a rakt\u00e1roz\u00e1sr\u00f3l \u00e9s ingatlankezel\u00e9sr\u0151l.\" \/>\n<meta property=\"og:url\" content=\"https:\/\/batorikft.hu\/de\/hirek\/\" \/>\n<meta property=\"og:site_name\" content=\"B\u00e1tori Kft.\" \/>\n<meta property=\"article:modified_time\" content=\"2023-09-20T07:33:24+00:00\" \/>\n<meta name=\"twitter:card\" content=\"summary_large_image\" \/>\n<meta name=\"twitter:label1\" content=\"Gesch\u00e4tzte Lesezeit\" \/>\n\t<meta name=\"twitter:data1\" content=\"3\u00a0Minuten\" \/>\n<script type=\"application\/ld+json\" class=\"yoast-schema-graph\">{\"@context\":\"https:\\\/\\\/schema.org\",\"@graph\":[{\"@type\":\"WebPage\",\"@id\":\"https:\\\/\\\/batorikft.hu\\\/hirek\\\/\",\"url\":\"https:\\\/\\\/batorikft.hu\\\/hirek\\\/\",\"name\":\"H\u00edrek - B\u00e1tori Kft.\",\"isPartOf\":{\"@id\":\"https:\\\/\\\/batorikft.hu\\\/#website\"},\"datePublished\":\"2023-07-19T11:23:33+00:00\",\"dateModified\":\"2023-09-20T07:33:24+00:00\",\"description\":\"\u00dcdv\u00f6z\u00f6lj\u00fck a B\u00e1tori Kft. h\u00edrek oldal\u00e1n! Itt megosztjuk az \u00fajdons\u00e1gainkat \u00e9s legfontosabb tudnival\u00f3kat a rakt\u00e1roz\u00e1sr\u00f3l \u00e9s ingatlankezel\u00e9sr\u0151l.\",\"breadcrumb\":{\"@id\":\"https:\\\/\\\/batorikft.hu\\\/hirek\\\/#breadcrumb\"},\"inLanguage\":\"de\",\"potentialAction\":[{\"@type\":\"ReadAction\",\"target\":[\"https:\\\/\\\/batorikft.hu\\\/hirek\\\/\"]}]},{\"@type\":\"BreadcrumbList\",\"@id\":\"https:\\\/\\\/batorikft.hu\\\/hirek\\\/#breadcrumb\",\"itemListElement\":[{\"@type\":\"ListItem\",\"position\":1,\"name\":\"Kezd\u0151lap\",\"item\":\"https:\\\/\\\/batorikft.hu\\\/\"},{\"@type\":\"ListItem\",\"position\":2,\"name\":\"H\u00edrek\"}]},{\"@type\":\"WebSite\",\"@id\":\"https:\\\/\\\/batorikft.hu\\\/#website\",\"url\":\"https:\\\/\\\/batorikft.hu\\\/\",\"name\":\"B\u00e1tori Kft.\",\"description\":\"Rakt\u00e1roz\u00e1si \u00e9s logisztikai k\u00f6zpont: 30 000 m\u00b2 rakt\u00e1rkapacit\u00e1ssal \u00e9s saj\u00e1t iparv\u00e1g\u00e1nnyal\",\"publisher\":{\"@id\":\"https:\\\/\\\/batorikft.hu\\\/#organization\"},\"potentialAction\":[{\"@type\":\"SearchAction\",\"target\":{\"@type\":\"EntryPoint\",\"urlTemplate\":\"https:\\\/\\\/batorikft.hu\\\/?s={search_term_string}\"},\"query-input\":{\"@type\":\"PropertyValueSpecification\",\"valueRequired\":true,\"valueName\":\"search_term_string\"}}],\"inLanguage\":\"de\"},{\"@type\":\"Organization\",\"@id\":\"https:\\\/\\\/batorikft.hu\\\/#organization\",\"name\":\"B\u00e1tori Kft.\",\"url\":\"https:\\\/\\\/batorikft.hu\\\/\",\"logo\":{\"@type\":\"ImageObject\",\"inLanguage\":\"de\",\"@id\":\"https:\\\/\\\/batorikft.hu\\\/#\\\/schema\\\/logo\\\/image\\\/\",\"url\":\"https:\\\/\\\/batorikft.hu\\\/wp-content\\\/uploads\\\/2023\\\/07\\\/cropped-BatoriKft_logo-1.png\",\"contentUrl\":\"https:\\\/\\\/batorikft.hu\\\/wp-content\\\/uploads\\\/2023\\\/07\\\/cropped-BatoriKft_logo-1.png\",\"width\":511,\"height\":511,\"caption\":\"B\u00e1tori Kft.\"},\"image\":{\"@id\":\"https:\\\/\\\/batorikft.hu\\\/#\\\/schema\\\/logo\\\/image\\\/\"}}]}<\/script>\n<!-- \/ Yoast SEO plugin. -->","yoast_head_json":{"title":"H\u00edrek - B\u00e1tori Kft.","description":"\u00dcdv\u00f6z\u00f6lj\u00fck a B\u00e1tori Kft. h\u00edrek oldal\u00e1n! Itt megosztjuk az \u00fajdons\u00e1gainkat \u00e9s legfontosabb tudnival\u00f3kat a rakt\u00e1roz\u00e1sr\u00f3l \u00e9s ingatlankezel\u00e9sr\u0151l.","robots":{"index":"index","follow":"follow","max-snippet":"max-snippet:-1","max-image-preview":"max-image-preview:large","max-video-preview":"max-video-preview:-1"},"canonical":"https:\/\/batorikft.hu\/de\/hirek\/","og_locale":"de_DE","og_type":"article","og_title":"H\u00edrek - B\u00e1tori Kft.","og_description":"\u00dcdv\u00f6z\u00f6lj\u00fck a B\u00e1tori Kft. h\u00edrek oldal\u00e1n! Itt megosztjuk az \u00fajdons\u00e1gainkat \u00e9s legfontosabb tudnival\u00f3kat a rakt\u00e1roz\u00e1sr\u00f3l \u00e9s ingatlankezel\u00e9sr\u0151l.","og_url":"https:\/\/batorikft.hu\/de\/hirek\/","og_site_name":"B\u00e1tori Kft.","article_modified_time":"2023-09-20T07:33:24+00:00","twitter_card":"summary_large_image","twitter_misc":{"Gesch\u00e4tzte Lesezeit":"3\u00a0Minuten"},"schema":{"@context":"https:\/\/schema.org","@graph":[{"@type":"WebPage","@id":"https:\/\/batorikft.hu\/hirek\/","url":"https:\/\/batorikft.hu\/hirek\/","name":"H\u00edrek - B\u00e1tori Kft.","isPartOf":{"@id":"https:\/\/batorikft.hu\/#website"},"datePublished":"2023-07-19T11:23:33+00:00","dateModified":"2023-09-20T07:33:24+00:00","description":"\u00dcdv\u00f6z\u00f6lj\u00fck a B\u00e1tori Kft. h\u00edrek oldal\u00e1n! Itt megosztjuk az \u00fajdons\u00e1gainkat \u00e9s legfontosabb tudnival\u00f3kat a rakt\u00e1roz\u00e1sr\u00f3l \u00e9s ingatlankezel\u00e9sr\u0151l.","breadcrumb":{"@id":"https:\/\/batorikft.hu\/hirek\/#breadcrumb"},"inLanguage":"de","potentialAction":[{"@type":"ReadAction","target":["https:\/\/batorikft.hu\/hirek\/"]}]},{"@type":"BreadcrumbList","@id":"https:\/\/batorikft.hu\/hirek\/#breadcrumb","itemListElement":[{"@type":"ListItem","position":1,"name":"Kezd\u0151lap","item":"https:\/\/batorikft.hu\/"},{"@type":"ListItem","position":2,"name":"H\u00edrek"}]},{"@type":"WebSite","@id":"https:\/\/batorikft.hu\/#website","url":"https:\/\/batorikft.hu\/","name":"B\u00e1tori Kft.","description":"Rakt\u00e1roz\u00e1si \u00e9s logisztikai k\u00f6zpont: 30 000 m\u00b2 rakt\u00e1rkapacit\u00e1ssal \u00e9s saj\u00e1t iparv\u00e1g\u00e1nnyal","publisher":{"@id":"https:\/\/batorikft.hu\/#organization"},"potentialAction":[{"@type":"SearchAction","target":{"@type":"EntryPoint","urlTemplate":"https:\/\/batorikft.hu\/?s={search_term_string}"},"query-input":{"@type":"PropertyValueSpecification","valueRequired":true,"valueName":"search_term_string"}}],"inLanguage":"de"},{"@type":"Organization","@id":"https:\/\/batorikft.hu\/#organization","name":"B\u00e1tori Kft.","url":"https:\/\/batorikft.hu\/","logo":{"@type":"ImageObject","inLanguage":"de","@id":"https:\/\/batorikft.hu\/#\/schema\/logo\/image\/","url":"https:\/\/batorikft.hu\/wp-content\/uploads\/2023\/07\/cropped-BatoriKft_logo-1.png","contentUrl":"https:\/\/batorikft.hu\/wp-content\/uploads\/2023\/07\/cropped-BatoriKft_logo-1.png","width":511,"height":511,"caption":"B\u00e1tori Kft."},"image":{"@id":"https:\/\/batorikft.hu\/#\/schema\/logo\/image\/"}}]}},"_links":{"self":[{"href":"https:\/\/batorikft.hu\/de\/wp-json\/wp\/v2\/pages\/440","targetHints":{"allow":["GET"]}}],"collection":[{"href":"https:\/\/batorikft.hu\/de\/wp-json\/wp\/v2\/pages"}],"about":[{"href":"https:\/\/batorikft.hu\/de\/wp-json\/wp\/v2\/types\/page"}],"author":[{"embeddable":true,"href":"https:\/\/batorikft.hu\/de\/wp-json\/wp\/v2\/users\/1"}],"replies":[{"embeddable":true,"href":"https:\/\/batorikft.hu\/de\/wp-json\/wp\/v2\/comments?post=440"}],"version-history":[{"count":0,"href":"https:\/\/batorikft.hu\/de\/wp-json\/wp\/v2\/pages\/440\/revisions"}],"wp:attachment":[{"href":"https:\/\/batorikft.hu\/de\/wp-json\/wp\/v2\/media?parent=440"}],"curies":[{"name":"wp","href":"https:\/\/api.w.org\/{rel}","templated":true}]}}