{"id":500,"date":"2023-07-19T14:31:06","date_gmt":"2023-07-19T12:31:06","guid":{"rendered":"https:\/\/batorikft.hu\/?page_id=500"},"modified":"2023-09-22T12:21:42","modified_gmt":"2023-09-22T10:21:42","slug":"idovonal","status":"publish","type":"page","link":"https:\/\/batorikft.hu\/de\/idovonal\/","title":{"rendered":"Zeitleiste"},"content":{"rendered":"<div data-elementor-type=\"wp-page\" data-elementor-id=\"500\" class=\"elementor elementor-500\" data-elementor-post-type=\"page\">\n\t\t\t\t<div class=\"elementor-element elementor-element-61d7d7c2 e-flex e-con-boxed e-con e-parent\" data-id=\"61d7d7c2\" data-element_type=\"container\" data-e-type=\"container\" data-settings=\"{&quot;background_background&quot;:&quot;classic&quot;,&quot;jet_parallax_layout_list&quot;:[]}\">\n\t\t\t\t\t<div class=\"e-con-inner\">\n\t\t<div class=\"elementor-element elementor-element-757b566e e-con-full e-flex e-con e-child\" data-id=\"757b566e\" data-element_type=\"container\" data-e-type=\"container\" data-settings=\"{&quot;jet_parallax_layout_list&quot;:[]}\">\n\t\t\t\t<div class=\"elementor-element elementor-element-6a8e3d48 de_scroll_animation_no elementor-invisible elementor-widget elementor-widget-heading\" data-id=\"6a8e3d48\" data-element_type=\"widget\" data-e-type=\"widget\" data-settings=\"{&quot;_animation&quot;:&quot;fadeInUp&quot;}\" data-widget_type=\"heading.default\">\n\t\t\t\t<div class=\"elementor-widget-container\">\n\t\t\t\t\t<h1 class=\"elementor-heading-title elementor-size-default\">Zeitleiste<\/h1>\t\t\t\t<\/div>\n\t\t\t\t<\/div>\n\t\t\t\t<div class=\"elementor-element elementor-element-32c1e1f9 elementor-icon-list--layout-inline elementor-align-center elementor-list-item-link-full_width de_scroll_animation_no elementor-widget elementor-widget-icon-list\" data-id=\"32c1e1f9\" data-element_type=\"widget\" data-e-type=\"widget\" data-widget_type=\"icon-list.default\">\n\t\t\t\t<div class=\"elementor-widget-container\">\n\t\t\t\t\t\t\t<ul class=\"elementor-icon-list-items elementor-inline-items\">\n\t\t\t\t\t\t\t<li class=\"elementor-icon-list-item elementor-inline-item\">\n\t\t\t\t\t\t\t\t\t\t\t<a href=\"https:\/\/batorikft.hu\/de\/\">\n\n\t\t\t\t\t\t\t\t\t\t\t<span class=\"elementor-icon-list-text\">Startseite<\/span>\n\t\t\t\t\t\t\t\t\t\t\t<\/a>\n\t\t\t\t\t\t\t\t\t<\/li>\n\t\t\t\t\t\t\t\t<li class=\"elementor-icon-list-item elementor-inline-item\">\n\t\t\t\t\t\t\t\t\t\t<span class=\"elementor-icon-list-text\">\/<\/span>\n\t\t\t\t\t\t\t\t\t<\/li>\n\t\t\t\t\t\t\t\t<li class=\"elementor-icon-list-item elementor-inline-item\">\n\t\t\t\t\t\t\t\t\t\t\t<a href=\"https:\/\/batorikft.hu\/de\/idovonal\/\">\n\n\t\t\t\t\t\t\t\t\t\t\t<span class=\"elementor-icon-list-text\">Zeitleiste<\/span>\n\t\t\t\t\t\t\t\t\t\t\t<\/a>\n\t\t\t\t\t\t\t\t\t<\/li>\n\t\t\t\t\t\t<\/ul>\n\t\t\t\t\t\t<\/div>\n\t\t\t\t<\/div>\n\t\t\t\t<\/div>\n\t\t\t\t\t<\/div>\n\t\t\t\t<\/div>\n\t\t<div class=\"elementor-element elementor-element-422f4ae e-flex e-con-boxed e-con e-parent\" data-id=\"422f4ae\" data-element_type=\"container\" data-e-type=\"container\" data-settings=\"{&quot;jet_parallax_layout_list&quot;:[]}\">\n\t\t\t\t\t<div class=\"e-con-inner\">\n\t\t\t\t<div class=\"elementor-element elementor-element-3d92376 de_scroll_animation_no elementor-widget elementor-widget-jet-timeline\" data-id=\"3d92376\" data-element_type=\"widget\" data-e-type=\"widget\" data-widget_type=\"jet-timeline.default\">\n\t\t\t\t<div class=\"elementor-widget-container\">\n\t\t\t\t\t<div class=\"elementor-jet-timeline jet-elements\"><div class=\"jet-timeline jet-timeline--align-center jet-timeline--align-middle\">\n\t<div class=\"jet-timeline__line\"><div class=\"jet-timeline__line-progress\"><\/div><\/div>\n\t<div class=\"jet-timeline-list\"><div class=\"jet-timeline-item  elementor-repeater-item-7d3abd1 jet-timeline-item--image-inside\">\n\t<div class=\"timeline-item__card\">\n\t\t<div class=\"timeline-item__card-inner\">\n\t\t\t\t\t\t\t\t<div class=\"timeline-item__card-content\">\n\t\t\t\t\t<div class=\"timeline-item__meta\"><div class=\"timeline-item__meta-content\">2001<\/div><\/div><h5 class=\"timeline-item__card-title\">B\u00c1TORI KFT. wird gegr\u00fcndet.<\/h5>\t\t\t\t<\/div>\n\t\t\t\t\t\t<\/div>\n\t\t<div class=\"timeline-item__card-arrow\"><\/div>\n\t<\/div>\n\t<div class=\"timeline-item__point\"><div class=\"timeline-item__point-content timeline-item__point-content--icon\"><span class=\"jet-elements-icon\"><i aria-hidden=\"true\" class=\"fas fa-calendar-alt\"><\/i><\/span><\/div><\/div><div class=\"timeline-item__meta\"><div class=\"timeline-item__meta-content\">2001<\/div><\/div><\/div><div class=\"jet-timeline-item  elementor-repeater-item-a22b1d9 jet-timeline-item--image-inside\">\n\t<div class=\"timeline-item__card\">\n\t\t<div class=\"timeline-item__card-inner\">\n\t\t\t\t\t\t\t\t<div class=\"timeline-item__card-content\">\n\t\t\t\t\t<div class=\"timeline-item__meta\"><div class=\"timeline-item__meta-content\">2005<\/div><\/div><h5 class=\"timeline-item__card-title\">WIR BEGINNEN MIT DER INTERVENTIONSLAGERUNG <\/h5>\t\t\t\t<\/div>\n\t\t\t\t\t\t<\/div>\n\t\t<div class=\"timeline-item__card-arrow\"><\/div>\n\t<\/div>\n\t<div class=\"timeline-item__point\"><div class=\"timeline-item__point-content timeline-item__point-content--icon\"><span class=\"jet-elements-icon\"><i aria-hidden=\"true\" class=\"fas fa-calendar-alt\"><\/i><\/span><\/div><\/div><div class=\"timeline-item__meta\"><div class=\"timeline-item__meta-content\">2005<\/div><\/div><\/div><div class=\"jet-timeline-item  elementor-repeater-item-f5b3bc0 jet-timeline-item--image-inside\">\n\t<div class=\"timeline-item__card\">\n\t\t<div class=\"timeline-item__card-inner\">\n\t\t\t\t\t\t\t\t<div class=\"timeline-item__card-content\">\n\t\t\t\t\t<div class=\"timeline-item__meta\"><div class=\"timeline-item__meta-content\">2006<\/div><\/div><h5 class=\"timeline-item__card-title\">Wir haben mit der Beschaffung von Materialtransportger\u00e4ten begonnen<\/h5>\t\t\t\t<\/div>\n\t\t\t\t\t\t<\/div>\n\t\t<div class=\"timeline-item__card-arrow\"><\/div>\n\t<\/div>\n\t<div class=\"timeline-item__point\"><div class=\"timeline-item__point-content timeline-item__point-content--icon\"><span class=\"jet-elements-icon\"><i aria-hidden=\"true\" class=\"fas fa-calendar-alt\"><\/i><\/span><\/div><\/div><div class=\"timeline-item__meta\"><div class=\"timeline-item__meta-content\">2006<\/div><\/div><\/div><div class=\"jet-timeline-item  elementor-repeater-item-1fb5fc9 jet-timeline-item--image-inside\">\n\t<div class=\"timeline-item__card\">\n\t\t<div class=\"timeline-item__card-inner\">\n\t\t\t\t\t\t\t\t<div class=\"timeline-item__card-content\">\n\t\t\t\t\t<div class=\"timeline-item__meta\"><div class=\"timeline-item__meta-content\">2007<\/div><\/div><h5 class=\"timeline-item__card-title\">GEMEINSAME ARBEIT MIT DEM GLOBALEN ZUCKERHANDELSUNTERNEHMEN E D &amp; F MAN LTD BEGONNEN<\/h5>\t\t\t\t<\/div>\n\t\t\t\t\t\t<\/div>\n\t\t<div class=\"timeline-item__card-arrow\"><\/div>\n\t<\/div>\n\t<div class=\"timeline-item__point\"><div class=\"timeline-item__point-content timeline-item__point-content--icon\"><span class=\"jet-elements-icon\"><i aria-hidden=\"true\" class=\"fas fa-calendar-alt\"><\/i><\/span><\/div><\/div><div class=\"timeline-item__meta\"><div class=\"timeline-item__meta-content\">2007<\/div><\/div><\/div><div class=\"jet-timeline-item  elementor-repeater-item-fde9682 jet-timeline-item--image-inside\">\n\t<div class=\"timeline-item__card\">\n\t\t<div class=\"timeline-item__card-inner\">\n\t\t\t\t\t\t\t\t<div class=\"timeline-item__card-content\">\n\t\t\t\t\t<div class=\"timeline-item__meta\"><div class=\"timeline-item__meta-content\">2014<\/div><\/div><h5 class=\"timeline-item__card-title\">WIR HABEN UNSERE LAGER UND VERF\u00dcGBAREN FL\u00c4CHEN MIT INDUSTRIESCHIENEN GEKAUFT<\/h5>\t\t\t\t<\/div>\n\t\t\t\t\t\t<\/div>\n\t\t<div class=\"timeline-item__card-arrow\"><\/div>\n\t<\/div>\n\t<div class=\"timeline-item__point\"><div class=\"timeline-item__point-content timeline-item__point-content--icon\"><span class=\"jet-elements-icon\"><i aria-hidden=\"true\" class=\"fas fa-calendar-alt\"><\/i><\/span><\/div><\/div><div class=\"timeline-item__meta\"><div class=\"timeline-item__meta-content\">2014<\/div><\/div><\/div><div class=\"jet-timeline-item  elementor-repeater-item-c5c6084 jet-timeline-item--image-inside\">\n\t<div class=\"timeline-item__card\">\n\t\t<div class=\"timeline-item__card-inner\">\n\t\t\t\t\t\t\t\t<div class=\"timeline-item__card-content\">\n\t\t\t\t\t<div class=\"timeline-item__meta\"><div class=\"timeline-item__meta-content\">2016<\/div><\/div><h5 class=\"timeline-item__card-title\">Wir haben unsere 300-Tonnen-Lokomotive gekauft und lizenziert<\/h5>\t\t\t\t<\/div>\n\t\t\t\t\t\t<\/div>\n\t\t<div class=\"timeline-item__card-arrow\"><\/div>\n\t<\/div>\n\t<div class=\"timeline-item__point\"><div class=\"timeline-item__point-content timeline-item__point-content--icon\"><span class=\"jet-elements-icon\"><i aria-hidden=\"true\" class=\"fas fa-calendar-alt\"><\/i><\/span><\/div><\/div><div class=\"timeline-item__meta\"><div class=\"timeline-item__meta-content\">2016<\/div><\/div><\/div><div class=\"jet-timeline-item  elementor-repeater-item-73bf1c9 jet-timeline-item--image-inside\">\n\t<div class=\"timeline-item__card\">\n\t\t<div class=\"timeline-item__card-inner\">\n\t\t\t\t\t\t\t\t<div class=\"timeline-item__card-content\">\n\t\t\t\t\t<div class=\"timeline-item__meta\"><div class=\"timeline-item__meta-content\">2017<\/div><\/div><h5 class=\"timeline-item__card-title\">Nach der Gr\u00fcndung der B\u00c1TORI LOGISZTIKA KFT. HABEN WIR UNSERE FERTIGUNGSHALLE IN HILTI ENTWICKELT<\/h5>\t\t\t\t<\/div>\n\t\t\t\t\t\t<\/div>\n\t\t<div class=\"timeline-item__card-arrow\"><\/div>\n\t<\/div>\n\t<div class=\"timeline-item__point\"><div class=\"timeline-item__point-content timeline-item__point-content--icon\"><span class=\"jet-elements-icon\"><i aria-hidden=\"true\" class=\"fas fa-calendar-alt\"><\/i><\/span><\/div><\/div><div class=\"timeline-item__meta\"><div class=\"timeline-item__meta-content\">2017<\/div><\/div><\/div><div class=\"jet-timeline-item  elementor-repeater-item-bb92781 jet-timeline-item--image-inside\">\n\t<div class=\"timeline-item__card\">\n\t\t<div class=\"timeline-item__card-inner\">\n\t\t\t\t\t\t\t\t<div class=\"timeline-item__card-content\">\n\t\t\t\t\t<div class=\"timeline-item__meta\"><div class=\"timeline-item__meta-content\">2018<\/div><\/div><h5 class=\"timeline-item__card-title\">Wir haben unseren Gabelstaplerpark um 8- und 16-Tonnen-Gabelstapler erweitert<\/h5>\t\t\t\t<\/div>\n\t\t\t\t\t\t<\/div>\n\t\t<div class=\"timeline-item__card-arrow\"><\/div>\n\t<\/div>\n\t<div class=\"timeline-item__point\"><div class=\"timeline-item__point-content timeline-item__point-content--icon\"><span class=\"jet-elements-icon\"><i aria-hidden=\"true\" class=\"fas fa-calendar-alt\"><\/i><\/span><\/div><\/div><div class=\"timeline-item__meta\"><div class=\"timeline-item__meta-content\">2018<\/div><\/div><\/div><div class=\"jet-timeline-item  elementor-repeater-item-a6da976 jet-timeline-item--image-inside\">\n\t<div class=\"timeline-item__card\">\n\t\t<div class=\"timeline-item__card-inner\">\n\t\t\t\t\t\t\t\t<div class=\"timeline-item__card-content\">\n\t\t\t\t\t<div class=\"timeline-item__meta\"><div class=\"timeline-item__meta-content\">2019<\/div><\/div><h5 class=\"timeline-item__card-title\">Wir haben unsere \u00fcber die Industriebahn hinausgehende Kranbahn umgebaut und genehmigt<\/h5>\t\t\t\t<\/div>\n\t\t\t\t\t\t<\/div>\n\t\t<div class=\"timeline-item__card-arrow\"><\/div>\n\t<\/div>\n\t<div class=\"timeline-item__point\"><div class=\"timeline-item__point-content timeline-item__point-content--icon\"><span class=\"jet-elements-icon\"><i aria-hidden=\"true\" class=\"fas fa-calendar-alt\"><\/i><\/span><\/div><\/div><div class=\"timeline-item__meta\"><div class=\"timeline-item__meta-content\">2019<\/div><\/div><\/div><div class=\"jet-timeline-item  elementor-repeater-item-9ca3bf0 jet-timeline-item--image-inside\">\n\t<div class=\"timeline-item__card\">\n\t\t<div class=\"timeline-item__card-inner\">\n\t\t\t\t\t\t\t\t<div class=\"timeline-item__card-content\">\n\t\t\t\t\t<div class=\"timeline-item__meta\"><div class=\"timeline-item__meta-content\">2021<\/div><\/div><h5 class=\"timeline-item__card-title\">Wir haben unsere 800 Tonnen schwere Lokomotive gekauft und lizenziert<\/h5>\t\t\t\t<\/div>\n\t\t\t\t\t\t<\/div>\n\t\t<div class=\"timeline-item__card-arrow\"><\/div>\n\t<\/div>\n\t<div class=\"timeline-item__point\"><div class=\"timeline-item__point-content timeline-item__point-content--icon\"><span class=\"jet-elements-icon\"><i aria-hidden=\"true\" class=\"fas fa-calendar-alt\"><\/i><\/span><\/div><\/div><div class=\"timeline-item__meta\"><div class=\"timeline-item__meta-content\">2021<\/div><\/div><\/div><div class=\"jet-timeline-item  elementor-repeater-item-f24da19 jet-timeline-item--image-inside\">\n\t<div class=\"timeline-item__card\">\n\t\t<div class=\"timeline-item__card-inner\">\n\t\t\t\t\t\t\t\t<div class=\"timeline-item__card-content\">\n\t\t\t\t\t<div class=\"timeline-item__meta\"><div class=\"timeline-item__meta-content\">2023<\/div><\/div><h5 class=\"timeline-item__card-title\">WIR VERDOPPELN UNSER LAGER MIT EINEM 40-TONNEN-KRAN AUF 2000 M\u00b2 UND B\u00c1TORI KFT. GEWANN DIE AUSSCHREIBUNG GINOP-4.1.5-22-2022-00181, ENERGIEMODERNISIERUNG C.<\/h5>\t\t\t\t<\/div>\n\t\t\t\t\t\t<\/div>\n\t\t<div class=\"timeline-item__card-arrow\"><\/div>\n\t<\/div>\n\t<div class=\"timeline-item__point\"><div class=\"timeline-item__point-content timeline-item__point-content--icon\"><span class=\"jet-elements-icon\"><i aria-hidden=\"true\" class=\"fas fa-calendar-alt\"><\/i><\/span><\/div><\/div><div class=\"timeline-item__meta\"><div class=\"timeline-item__meta-content\">2023<\/div><\/div><\/div><\/div><\/div><\/div>\t\t\t\t<\/div>\n\t\t\t\t<\/div>\n\t\t\t\t\t<\/div>\n\t\t\t\t<\/div>\n\t\t\t\t<\/div>","protected":false},"excerpt":{"rendered":"<p>Id\u0151vonal Kezd\u0151lap \/ Id\u0151vonal 2001 Megalakul a B\u00e1tori Kft. 2001 2005 Megkezdt\u00fck az intervenci\u00f3s rakt\u00e1roz\u00e1st 2005 2006 Elkezdt\u00fck az anyagmozgat\u00f3 eszk\u00f6z\u00f6k beszerz\u00e9s\u00e9t 2006 2007 Elindult a k\u00f6z\u00f6s munka az E D &#038; F MAN LTD cukorkereskedelmi vil\u00e1gc\u00e9ggel 2007 2014 Megv\u00e1s\u00e1roltuk rakt\u00e1rainkat \u00e9s iparv\u00e1g\u00e1nnyal ell\u00e1tott szabad ter\u00fcleteinket 2014 2016 Megv\u00e1s\u00e1roltuk \u00e9s enged\u00e9lyeztett\u00fck a 300 tonn\u00e1s mozdonyunkat &#8230; <a title=\"Zeitleiste\" class=\"read-more\" href=\"https:\/\/batorikft.hu\/de\/idovonal\/\" aria-label=\"Mehr Informationen \u00fcber Id\u0151vonal\">Weiterlesen<\/a><\/p>","protected":false},"author":1,"featured_media":0,"parent":0,"menu_order":0,"comment_status":"closed","ping_status":"closed","template":"elementor_header_footer","meta":{"footnotes":""},"class_list":["post-500","page","type-page","status-publish"],"yoast_head":"<!-- This site is optimized with the Yoast SEO plugin v27.4 - https:\/\/yoast.com\/product\/yoast-seo-wordpress\/ -->\n<title>Id\u0151vonal - B\u00e1tori Kft.<\/title>\n<meta name=\"description\" content=\"V\u00e1llalkoz\u00e1sunk fejl\u0151d\u00e9se \u00e9vek sor\u00e1n. Ismerje meg rakt\u00e1roz\u00e1si \u00e9s logisztikai tapasztalatunkat az id\u0151vonalunkon kereszt\u00fcl!\" \/>\n<meta name=\"robots\" content=\"index, follow, max-snippet:-1, max-image-preview:large, max-video-preview:-1\" \/>\n<link rel=\"canonical\" href=\"https:\/\/batorikft.hu\/de\/idovonal\/\" \/>\n<meta property=\"og:locale\" content=\"de_DE\" \/>\n<meta property=\"og:type\" content=\"article\" \/>\n<meta property=\"og:title\" content=\"Id\u0151vonal - B\u00e1tori Kft.\" \/>\n<meta property=\"og:description\" content=\"V\u00e1llalkoz\u00e1sunk fejl\u0151d\u00e9se \u00e9vek sor\u00e1n. Ismerje meg rakt\u00e1roz\u00e1si \u00e9s logisztikai tapasztalatunkat az id\u0151vonalunkon kereszt\u00fcl!\" \/>\n<meta property=\"og:url\" content=\"https:\/\/batorikft.hu\/de\/idovonal\/\" \/>\n<meta property=\"og:site_name\" content=\"B\u00e1tori Kft.\" \/>\n<meta property=\"article:modified_time\" content=\"2023-09-22T10:21:42+00:00\" \/>\n<meta name=\"twitter:card\" content=\"summary_large_image\" \/>\n<meta name=\"twitter:label1\" content=\"Gesch\u00e4tzte Lesezeit\" \/>\n\t<meta name=\"twitter:data1\" content=\"1\u00a0Minute\" \/>\n<script type=\"application\/ld+json\" class=\"yoast-schema-graph\">{\"@context\":\"https:\\\/\\\/schema.org\",\"@graph\":[{\"@type\":\"WebPage\",\"@id\":\"https:\\\/\\\/batorikft.hu\\\/idovonal\\\/\",\"url\":\"https:\\\/\\\/batorikft.hu\\\/idovonal\\\/\",\"name\":\"Id\u0151vonal - B\u00e1tori Kft.\",\"isPartOf\":{\"@id\":\"https:\\\/\\\/batorikft.hu\\\/#website\"},\"datePublished\":\"2023-07-19T12:31:06+00:00\",\"dateModified\":\"2023-09-22T10:21:42+00:00\",\"description\":\"V\u00e1llalkoz\u00e1sunk fejl\u0151d\u00e9se \u00e9vek sor\u00e1n. Ismerje meg rakt\u00e1roz\u00e1si \u00e9s logisztikai tapasztalatunkat az id\u0151vonalunkon kereszt\u00fcl!\",\"breadcrumb\":{\"@id\":\"https:\\\/\\\/batorikft.hu\\\/idovonal\\\/#breadcrumb\"},\"inLanguage\":\"de\",\"potentialAction\":[{\"@type\":\"ReadAction\",\"target\":[\"https:\\\/\\\/batorikft.hu\\\/idovonal\\\/\"]}]},{\"@type\":\"BreadcrumbList\",\"@id\":\"https:\\\/\\\/batorikft.hu\\\/idovonal\\\/#breadcrumb\",\"itemListElement\":[{\"@type\":\"ListItem\",\"position\":1,\"name\":\"Kezd\u0151lap\",\"item\":\"https:\\\/\\\/batorikft.hu\\\/\"},{\"@type\":\"ListItem\",\"position\":2,\"name\":\"Id\u0151vonal\"}]},{\"@type\":\"WebSite\",\"@id\":\"https:\\\/\\\/batorikft.hu\\\/#website\",\"url\":\"https:\\\/\\\/batorikft.hu\\\/\",\"name\":\"B\u00e1tori Kft.\",\"description\":\"Rakt\u00e1roz\u00e1si \u00e9s logisztikai k\u00f6zpont: 30 000 m\u00b2 rakt\u00e1rkapacit\u00e1ssal \u00e9s saj\u00e1t iparv\u00e1g\u00e1nnyal\",\"publisher\":{\"@id\":\"https:\\\/\\\/batorikft.hu\\\/#organization\"},\"potentialAction\":[{\"@type\":\"SearchAction\",\"target\":{\"@type\":\"EntryPoint\",\"urlTemplate\":\"https:\\\/\\\/batorikft.hu\\\/?s={search_term_string}\"},\"query-input\":{\"@type\":\"PropertyValueSpecification\",\"valueRequired\":true,\"valueName\":\"search_term_string\"}}],\"inLanguage\":\"de\"},{\"@type\":\"Organization\",\"@id\":\"https:\\\/\\\/batorikft.hu\\\/#organization\",\"name\":\"B\u00e1tori Kft.\",\"url\":\"https:\\\/\\\/batorikft.hu\\\/\",\"logo\":{\"@type\":\"ImageObject\",\"inLanguage\":\"de\",\"@id\":\"https:\\\/\\\/batorikft.hu\\\/#\\\/schema\\\/logo\\\/image\\\/\",\"url\":\"https:\\\/\\\/batorikft.hu\\\/wp-content\\\/uploads\\\/2023\\\/07\\\/cropped-BatoriKft_logo-1.png\",\"contentUrl\":\"https:\\\/\\\/batorikft.hu\\\/wp-content\\\/uploads\\\/2023\\\/07\\\/cropped-BatoriKft_logo-1.png\",\"width\":511,\"height\":511,\"caption\":\"B\u00e1tori Kft.\"},\"image\":{\"@id\":\"https:\\\/\\\/batorikft.hu\\\/#\\\/schema\\\/logo\\\/image\\\/\"}}]}<\/script>\n<!-- \/ Yoast SEO plugin. -->","yoast_head_json":{"title":"Id\u0151vonal - B\u00e1tori Kft.","description":"V\u00e1llalkoz\u00e1sunk fejl\u0151d\u00e9se \u00e9vek sor\u00e1n. Ismerje meg rakt\u00e1roz\u00e1si \u00e9s logisztikai tapasztalatunkat az id\u0151vonalunkon kereszt\u00fcl!","robots":{"index":"index","follow":"follow","max-snippet":"max-snippet:-1","max-image-preview":"max-image-preview:large","max-video-preview":"max-video-preview:-1"},"canonical":"https:\/\/batorikft.hu\/de\/idovonal\/","og_locale":"de_DE","og_type":"article","og_title":"Id\u0151vonal - B\u00e1tori Kft.","og_description":"V\u00e1llalkoz\u00e1sunk fejl\u0151d\u00e9se \u00e9vek sor\u00e1n. Ismerje meg rakt\u00e1roz\u00e1si \u00e9s logisztikai tapasztalatunkat az id\u0151vonalunkon kereszt\u00fcl!","og_url":"https:\/\/batorikft.hu\/de\/idovonal\/","og_site_name":"B\u00e1tori Kft.","article_modified_time":"2023-09-22T10:21:42+00:00","twitter_card":"summary_large_image","twitter_misc":{"Gesch\u00e4tzte Lesezeit":"1\u00a0Minute"},"schema":{"@context":"https:\/\/schema.org","@graph":[{"@type":"WebPage","@id":"https:\/\/batorikft.hu\/idovonal\/","url":"https:\/\/batorikft.hu\/idovonal\/","name":"Id\u0151vonal - B\u00e1tori Kft.","isPartOf":{"@id":"https:\/\/batorikft.hu\/#website"},"datePublished":"2023-07-19T12:31:06+00:00","dateModified":"2023-09-22T10:21:42+00:00","description":"V\u00e1llalkoz\u00e1sunk fejl\u0151d\u00e9se \u00e9vek sor\u00e1n. Ismerje meg rakt\u00e1roz\u00e1si \u00e9s logisztikai tapasztalatunkat az id\u0151vonalunkon kereszt\u00fcl!","breadcrumb":{"@id":"https:\/\/batorikft.hu\/idovonal\/#breadcrumb"},"inLanguage":"de","potentialAction":[{"@type":"ReadAction","target":["https:\/\/batorikft.hu\/idovonal\/"]}]},{"@type":"BreadcrumbList","@id":"https:\/\/batorikft.hu\/idovonal\/#breadcrumb","itemListElement":[{"@type":"ListItem","position":1,"name":"Kezd\u0151lap","item":"https:\/\/batorikft.hu\/"},{"@type":"ListItem","position":2,"name":"Id\u0151vonal"}]},{"@type":"WebSite","@id":"https:\/\/batorikft.hu\/#website","url":"https:\/\/batorikft.hu\/","name":"B\u00e1tori Kft.","description":"Rakt\u00e1roz\u00e1si \u00e9s logisztikai k\u00f6zpont: 30 000 m\u00b2 rakt\u00e1rkapacit\u00e1ssal \u00e9s saj\u00e1t iparv\u00e1g\u00e1nnyal","publisher":{"@id":"https:\/\/batorikft.hu\/#organization"},"potentialAction":[{"@type":"SearchAction","target":{"@type":"EntryPoint","urlTemplate":"https:\/\/batorikft.hu\/?s={search_term_string}"},"query-input":{"@type":"PropertyValueSpecification","valueRequired":true,"valueName":"search_term_string"}}],"inLanguage":"de"},{"@type":"Organization","@id":"https:\/\/batorikft.hu\/#organization","name":"B\u00e1tori Kft.","url":"https:\/\/batorikft.hu\/","logo":{"@type":"ImageObject","inLanguage":"de","@id":"https:\/\/batorikft.hu\/#\/schema\/logo\/image\/","url":"https:\/\/batorikft.hu\/wp-content\/uploads\/2023\/07\/cropped-BatoriKft_logo-1.png","contentUrl":"https:\/\/batorikft.hu\/wp-content\/uploads\/2023\/07\/cropped-BatoriKft_logo-1.png","width":511,"height":511,"caption":"B\u00e1tori Kft."},"image":{"@id":"https:\/\/batorikft.hu\/#\/schema\/logo\/image\/"}}]}},"_links":{"self":[{"href":"https:\/\/batorikft.hu\/de\/wp-json\/wp\/v2\/pages\/500","targetHints":{"allow":["GET"]}}],"collection":[{"href":"https:\/\/batorikft.hu\/de\/wp-json\/wp\/v2\/pages"}],"about":[{"href":"https:\/\/batorikft.hu\/de\/wp-json\/wp\/v2\/types\/page"}],"author":[{"embeddable":true,"href":"https:\/\/batorikft.hu\/de\/wp-json\/wp\/v2\/users\/1"}],"replies":[{"embeddable":true,"href":"https:\/\/batorikft.hu\/de\/wp-json\/wp\/v2\/comments?post=500"}],"version-history":[{"count":0,"href":"https:\/\/batorikft.hu\/de\/wp-json\/wp\/v2\/pages\/500\/revisions"}],"wp:attachment":[{"href":"https:\/\/batorikft.hu\/de\/wp-json\/wp\/v2\/media?parent=500"}],"curies":[{"name":"wp","href":"https:\/\/api.w.org\/{rel}","templated":true}]}}