{"id":472,"date":"2023-07-19T13:56:23","date_gmt":"2023-07-19T11:56:23","guid":{"rendered":"https:\/\/batorikft.hu\/?page_id=472"},"modified":"2024-02-14T14:43:18","modified_gmt":"2024-02-14T13:43:18","slug":"ginop-4-1-5-22-2022-00181-palyazat","status":"publish","type":"page","link":"https:\/\/batorikft.hu\/en\/ginop-4-1-5-22-2022-00181-palyazat\/","title":{"rendered":"GINOP Application"},"content":{"rendered":"<div data-elementor-type=\"wp-page\" data-elementor-id=\"472\" class=\"elementor elementor-472\" data-elementor-post-type=\"page\">\n\t\t\t\t<div class=\"elementor-element elementor-element-4028dd25 e-flex e-con-boxed e-con e-parent\" data-id=\"4028dd25\" data-element_type=\"container\" data-e-type=\"container\" data-settings=\"{&quot;background_background&quot;:&quot;classic&quot;,&quot;jet_parallax_layout_list&quot;:[]}\">\n\t\t\t\t\t<div class=\"e-con-inner\">\n\t\t<div class=\"elementor-element elementor-element-4a50cd0c e-con-full e-flex e-con e-child\" data-id=\"4a50cd0c\" data-element_type=\"container\" data-e-type=\"container\" data-settings=\"{&quot;jet_parallax_layout_list&quot;:[]}\">\n\t\t\t\t<div class=\"elementor-element elementor-element-61c63769 de_scroll_animation_no elementor-invisible elementor-widget elementor-widget-heading\" data-id=\"61c63769\" data-element_type=\"widget\" data-e-type=\"widget\" data-settings=\"{&quot;_animation&quot;:&quot;fadeInUp&quot;}\" data-widget_type=\"heading.default\">\n\t\t\t\t<div class=\"elementor-widget-container\">\n\t\t\t\t\t<h1 class=\"elementor-heading-title elementor-size-default\">GINOP Application<\/h1>\t\t\t\t<\/div>\n\t\t\t\t<\/div>\n\t\t\t\t<div class=\"elementor-element elementor-element-56970f5 elementor-icon-list--layout-inline elementor-align-center elementor-list-item-link-full_width de_scroll_animation_no elementor-widget elementor-widget-icon-list\" data-id=\"56970f5\" data-element_type=\"widget\" data-e-type=\"widget\" data-widget_type=\"icon-list.default\">\n\t\t\t\t<div class=\"elementor-widget-container\">\n\t\t\t\t\t\t\t<ul class=\"elementor-icon-list-items elementor-inline-items\">\n\t\t\t\t\t\t\t<li class=\"elementor-icon-list-item elementor-inline-item\">\n\t\t\t\t\t\t\t\t\t\t\t<a href=\"https:\/\/batorikft.hu\/en\/\">\n\n\t\t\t\t\t\t\t\t\t\t\t<span class=\"elementor-icon-list-text\">HOME PAGE<\/span>\n\t\t\t\t\t\t\t\t\t\t\t<\/a>\n\t\t\t\t\t\t\t\t\t<\/li>\n\t\t\t\t\t\t\t\t<li class=\"elementor-icon-list-item elementor-inline-item\">\n\t\t\t\t\t\t\t\t\t\t<span class=\"elementor-icon-list-text\">\/<\/span>\n\t\t\t\t\t\t\t\t\t<\/li>\n\t\t\t\t\t\t\t\t<li class=\"elementor-icon-list-item elementor-inline-item\">\n\t\t\t\t\t\t\t\t\t\t\t<a href=\"https:\/\/batorikft.hu\/en\/GINOP-4-1-5-22-2022-00181-palyazat\/\">\n\n\t\t\t\t\t\t\t\t\t\t\t<span class=\"elementor-icon-list-text\">GINOP Application<\/span>\n\t\t\t\t\t\t\t\t\t\t\t<\/a>\n\t\t\t\t\t\t\t\t\t<\/li>\n\t\t\t\t\t\t<\/ul>\n\t\t\t\t\t\t<\/div>\n\t\t\t\t<\/div>\n\t\t\t\t<\/div>\n\t\t\t\t\t<\/div>\n\t\t\t\t<\/div>\n\t\t<div class=\"elementor-element elementor-element-082956c e-flex e-con-boxed e-con e-parent\" data-id=\"082956c\" data-element_type=\"container\" data-e-type=\"container\" data-settings=\"{&quot;jet_parallax_layout_list&quot;:[]}\">\n\t\t\t\t\t<div class=\"e-con-inner\">\n\t\t\t\t<div class=\"elementor-element elementor-element-eddcad6 de_scroll_animation_no elementor-widget elementor-widget-text-editor\" data-id=\"eddcad6\" data-element_type=\"widget\" data-e-type=\"widget\" data-widget_type=\"text-editor.default\">\n\t\t\t\t<div class=\"elementor-widget-container\">\n\t\t\t\t\t\t\t\t\t<p><strong>Beneficiary name: <\/strong>B\u00c1TORI Ingatlankezel\u0151 \u00e9s Kereskedelmi Kft.<br \/><strong>Project title: <\/strong>Energetikai korszer\u0171s\u00edt\u00e9s a B\u00e1tori Kft.-n\u00e9l<br \/><strong>Amount of contracted support: <\/strong>HUF 246,966,705<br \/><strong>Subsidy level: <\/strong>90 %<br \/><strong>Planned completion date of the project: <\/strong>2023.06.29.<br \/><strong>Project identification number: <\/strong>GINOP-4.1.5-22-2022-00181<\/p><p><strong>Presentation of project content:<\/strong><\/p><p>Our building affected by the development requires modernization from an energetic point of view. Within this framework, based on the energy expert's calculations, the following works must be carried out in order for the building's energy quality classification to change from category JJ to category BB.<\/p><p>Replacement of facade doors and windows: replacement of facade doors and windows with 3-layer plastic doors and windows, on 376 m2.<\/p><p>Roof and facade insulation: roof insulation on 1111 m2 surface with polystyrene foam sheet, facade thermal insulation on 2647 m2 with polystyrene foam sheet.<\/p><p>Replacement of facade doors and windows: replacement of facade doors and windows with 3-layer plastic doors and windows, on 376m2.<\/p><p>Heating modernization: instead of the existing infrared panel heating, a vrv\/vrf system heating-cooling system will be installed on 7269 m3.<\/p><p>Modernization of lighting: modern LED lighting will be installed in the entire area of the property, on 2119 m2, the lighting in the building is currently solved with traditional technology, so there is a significant operational loss, it is justified to upgrade the lamps to LED burners, which significantly reduces the electricity demand.<\/p><p>Shading: external shading, on 244 m2, which can filter out part of the sunlight.<\/p>\t\t\t\t\t\t\t\t<\/div>\n\t\t\t\t<\/div>\n\t\t\t\t\t<\/div>\n\t\t\t\t<\/div>\n\t\t\t\t<\/div>","protected":false},"excerpt":{"rendered":"<p>GINOP-4.1.5-22-2022-00181 p\u00e1ly\u00e1zat Kezd\u0151lap \/ GINOP-4.1.5-22-2022-00181 p\u00e1ly\u00e1zat Kedvezm\u00e9nyezett neve: B\u00c1TORI Ingatlankezel\u0151 \u00e9s Kereskedelmi Kft.Projekt c\u00edme: Energetikai korszer\u0171s\u00edt\u00e9s a B\u00e1tori Kft.-n\u00e9lSzerz\u0151d\u00f6tt t\u00e1mogat\u00e1s \u00f6sszege: 233.157.903 FtT\u00e1mogat\u00e1s m\u00e9rt\u00e9ke: 90 %Projekt befejez\u00e9si d\u00e1tuma: 2023.06.29.Projekt azonos\u00edt\u00f3 sz\u00e1ma: GINOP-4.1.5-22-2022-00181 Projekt tartalm\u00e1nak bemutat\u00e1sa: A fejleszt\u00e9ssel \u00e9rintett \u00e9p\u00fclet\u00fcnk energetikai szempontb\u00f3l korszer\u0171s\u00edt\u00e9st ig\u00e9nyelt. Ennek keret\u00e9ben az energetikus szak\u00e9rt\u0151 sz\u00e1m\u00edt\u00e1sai alapj\u00e1n az al\u00e1bbi munk\u00e1k elv\u00e9gz\u00e9se val\u00f3sult &#8230; <a title=\"GINOP Application\" class=\"read-more\" href=\"https:\/\/batorikft.hu\/en\/ginop-4-1-5-22-2022-00181-palyazat\/\" aria-label=\"Read more about GINOP-4.1.5-22-2022-00181 p\u00e1ly\u00e1zat\">Read more<\/a><\/p>","protected":false},"author":1,"featured_media":0,"parent":0,"menu_order":0,"comment_status":"closed","ping_status":"closed","template":"elementor_header_footer","meta":{"footnotes":""},"class_list":["post-472","page","type-page","status-publish"],"yoast_head":"<!-- This site is optimized with the Yoast SEO plugin v27.4 - https:\/\/yoast.com\/product\/yoast-seo-wordpress\/ -->\n<title>GINOP-4.1.5-22-2022-00181 p\u00e1ly\u00e1zat - B\u00e1tori Kft.<\/title>\n<meta name=\"description\" content=\"Tet\u0151-\u00e9s homlokzati szigetel\u00e9sek: tet\u0151 szigetel\u00e9se 1111 m2-en fel\u00fcleten, polisztirolhab lemezzel, homlokzati h\u0151szigetel\u00e9s 2647 m2-en polisztirolhab lemezzel.\" \/>\n<meta name=\"robots\" content=\"index, follow, max-snippet:-1, max-image-preview:large, max-video-preview:-1\" \/>\n<link rel=\"canonical\" href=\"https:\/\/batorikft.hu\/en\/ginop-4-1-5-22-2022-00181-palyazat\/\" \/>\n<meta property=\"og:locale\" content=\"en_GB\" \/>\n<meta property=\"og:type\" content=\"article\" \/>\n<meta property=\"og:title\" content=\"GINOP-4.1.5-22-2022-00181 p\u00e1ly\u00e1zat - B\u00e1tori Kft.\" \/>\n<meta property=\"og:description\" content=\"Tet\u0151-\u00e9s homlokzati szigetel\u00e9sek: tet\u0151 szigetel\u00e9se 1111 m2-en fel\u00fcleten, polisztirolhab lemezzel, homlokzati h\u0151szigetel\u00e9s 2647 m2-en polisztirolhab lemezzel.\" \/>\n<meta property=\"og:url\" content=\"https:\/\/batorikft.hu\/en\/ginop-4-1-5-22-2022-00181-palyazat\/\" \/>\n<meta property=\"og:site_name\" content=\"B\u00e1tori Kft.\" \/>\n<meta property=\"article:modified_time\" content=\"2024-02-14T13:43:18+00:00\" \/>\n<meta name=\"twitter:card\" content=\"summary_large_image\" \/>\n<meta name=\"twitter:label1\" content=\"Estimated reading time\" \/>\n\t<meta name=\"twitter:data1\" content=\"2 minutes\" \/>\n<script type=\"application\/ld+json\" class=\"yoast-schema-graph\">{\"@context\":\"https:\\\/\\\/schema.org\",\"@graph\":[{\"@type\":\"WebPage\",\"@id\":\"https:\\\/\\\/batorikft.hu\\\/ginop-4-1-5-22-2022-00181-palyazat\\\/\",\"url\":\"https:\\\/\\\/batorikft.hu\\\/ginop-4-1-5-22-2022-00181-palyazat\\\/\",\"name\":\"GINOP-4.1.5-22-2022-00181 p\u00e1ly\u00e1zat - B\u00e1tori Kft.\",\"isPartOf\":{\"@id\":\"https:\\\/\\\/batorikft.hu\\\/#website\"},\"datePublished\":\"2023-07-19T11:56:23+00:00\",\"dateModified\":\"2024-02-14T13:43:18+00:00\",\"description\":\"Tet\u0151-\u00e9s homlokzati szigetel\u00e9sek: tet\u0151 szigetel\u00e9se 1111 m2-en fel\u00fcleten, polisztirolhab lemezzel, homlokzati h\u0151szigetel\u00e9s 2647 m2-en polisztirolhab lemezzel.\",\"breadcrumb\":{\"@id\":\"https:\\\/\\\/batorikft.hu\\\/ginop-4-1-5-22-2022-00181-palyazat\\\/#breadcrumb\"},\"inLanguage\":\"en-GB\",\"potentialAction\":[{\"@type\":\"ReadAction\",\"target\":[\"https:\\\/\\\/batorikft.hu\\\/ginop-4-1-5-22-2022-00181-palyazat\\\/\"]}]},{\"@type\":\"BreadcrumbList\",\"@id\":\"https:\\\/\\\/batorikft.hu\\\/ginop-4-1-5-22-2022-00181-palyazat\\\/#breadcrumb\",\"itemListElement\":[{\"@type\":\"ListItem\",\"position\":1,\"name\":\"Kezd\u0151lap\",\"item\":\"https:\\\/\\\/batorikft.hu\\\/\"},{\"@type\":\"ListItem\",\"position\":2,\"name\":\"GINOP-4.1.5-22-2022-00181 p\u00e1ly\u00e1zat\"}]},{\"@type\":\"WebSite\",\"@id\":\"https:\\\/\\\/batorikft.hu\\\/#website\",\"url\":\"https:\\\/\\\/batorikft.hu\\\/\",\"name\":\"B\u00e1tori Kft.\",\"description\":\"Rakt\u00e1roz\u00e1si \u00e9s logisztikai k\u00f6zpont: 30 000 m\u00b2 rakt\u00e1rkapacit\u00e1ssal \u00e9s saj\u00e1t iparv\u00e1g\u00e1nnyal\",\"publisher\":{\"@id\":\"https:\\\/\\\/batorikft.hu\\\/#organization\"},\"potentialAction\":[{\"@type\":\"SearchAction\",\"target\":{\"@type\":\"EntryPoint\",\"urlTemplate\":\"https:\\\/\\\/batorikft.hu\\\/?s={search_term_string}\"},\"query-input\":{\"@type\":\"PropertyValueSpecification\",\"valueRequired\":true,\"valueName\":\"search_term_string\"}}],\"inLanguage\":\"en-GB\"},{\"@type\":\"Organization\",\"@id\":\"https:\\\/\\\/batorikft.hu\\\/#organization\",\"name\":\"B\u00e1tori Kft.\",\"url\":\"https:\\\/\\\/batorikft.hu\\\/\",\"logo\":{\"@type\":\"ImageObject\",\"inLanguage\":\"en-GB\",\"@id\":\"https:\\\/\\\/batorikft.hu\\\/#\\\/schema\\\/logo\\\/image\\\/\",\"url\":\"https:\\\/\\\/batorikft.hu\\\/wp-content\\\/uploads\\\/2023\\\/07\\\/cropped-BatoriKft_logo-1.png\",\"contentUrl\":\"https:\\\/\\\/batorikft.hu\\\/wp-content\\\/uploads\\\/2023\\\/07\\\/cropped-BatoriKft_logo-1.png\",\"width\":511,\"height\":511,\"caption\":\"B\u00e1tori Kft.\"},\"image\":{\"@id\":\"https:\\\/\\\/batorikft.hu\\\/#\\\/schema\\\/logo\\\/image\\\/\"}}]}<\/script>\n<!-- \/ Yoast SEO plugin. -->","yoast_head_json":{"title":"GINOP-4.1.5-22-2022-00181 p\u00e1ly\u00e1zat - B\u00e1tori Kft.","description":"Tet\u0151-\u00e9s homlokzati szigetel\u00e9sek: tet\u0151 szigetel\u00e9se 1111 m2-en fel\u00fcleten, polisztirolhab lemezzel, homlokzati h\u0151szigetel\u00e9s 2647 m2-en polisztirolhab lemezzel.","robots":{"index":"index","follow":"follow","max-snippet":"max-snippet:-1","max-image-preview":"max-image-preview:large","max-video-preview":"max-video-preview:-1"},"canonical":"https:\/\/batorikft.hu\/en\/ginop-4-1-5-22-2022-00181-palyazat\/","og_locale":"en_GB","og_type":"article","og_title":"GINOP-4.1.5-22-2022-00181 p\u00e1ly\u00e1zat - B\u00e1tori Kft.","og_description":"Tet\u0151-\u00e9s homlokzati szigetel\u00e9sek: tet\u0151 szigetel\u00e9se 1111 m2-en fel\u00fcleten, polisztirolhab lemezzel, homlokzati h\u0151szigetel\u00e9s 2647 m2-en polisztirolhab lemezzel.","og_url":"https:\/\/batorikft.hu\/en\/ginop-4-1-5-22-2022-00181-palyazat\/","og_site_name":"B\u00e1tori Kft.","article_modified_time":"2024-02-14T13:43:18+00:00","twitter_card":"summary_large_image","twitter_misc":{"Estimated reading time":"2 minutes"},"schema":{"@context":"https:\/\/schema.org","@graph":[{"@type":"WebPage","@id":"https:\/\/batorikft.hu\/ginop-4-1-5-22-2022-00181-palyazat\/","url":"https:\/\/batorikft.hu\/ginop-4-1-5-22-2022-00181-palyazat\/","name":"GINOP-4.1.5-22-2022-00181 p\u00e1ly\u00e1zat - B\u00e1tori Kft.","isPartOf":{"@id":"https:\/\/batorikft.hu\/#website"},"datePublished":"2023-07-19T11:56:23+00:00","dateModified":"2024-02-14T13:43:18+00:00","description":"Tet\u0151-\u00e9s homlokzati szigetel\u00e9sek: tet\u0151 szigetel\u00e9se 1111 m2-en fel\u00fcleten, polisztirolhab lemezzel, homlokzati h\u0151szigetel\u00e9s 2647 m2-en polisztirolhab lemezzel.","breadcrumb":{"@id":"https:\/\/batorikft.hu\/ginop-4-1-5-22-2022-00181-palyazat\/#breadcrumb"},"inLanguage":"en-GB","potentialAction":[{"@type":"ReadAction","target":["https:\/\/batorikft.hu\/ginop-4-1-5-22-2022-00181-palyazat\/"]}]},{"@type":"BreadcrumbList","@id":"https:\/\/batorikft.hu\/ginop-4-1-5-22-2022-00181-palyazat\/#breadcrumb","itemListElement":[{"@type":"ListItem","position":1,"name":"Kezd\u0151lap","item":"https:\/\/batorikft.hu\/"},{"@type":"ListItem","position":2,"name":"GINOP-4.1.5-22-2022-00181 p\u00e1ly\u00e1zat"}]},{"@type":"WebSite","@id":"https:\/\/batorikft.hu\/#website","url":"https:\/\/batorikft.hu\/","name":"B\u00e1tori Kft.","description":"Rakt\u00e1roz\u00e1si \u00e9s logisztikai k\u00f6zpont: 30 000 m\u00b2 rakt\u00e1rkapacit\u00e1ssal \u00e9s saj\u00e1t iparv\u00e1g\u00e1nnyal","publisher":{"@id":"https:\/\/batorikft.hu\/#organization"},"potentialAction":[{"@type":"SearchAction","target":{"@type":"EntryPoint","urlTemplate":"https:\/\/batorikft.hu\/?s={search_term_string}"},"query-input":{"@type":"PropertyValueSpecification","valueRequired":true,"valueName":"search_term_string"}}],"inLanguage":"en-GB"},{"@type":"Organization","@id":"https:\/\/batorikft.hu\/#organization","name":"B\u00e1tori Kft.","url":"https:\/\/batorikft.hu\/","logo":{"@type":"ImageObject","inLanguage":"en-GB","@id":"https:\/\/batorikft.hu\/#\/schema\/logo\/image\/","url":"https:\/\/batorikft.hu\/wp-content\/uploads\/2023\/07\/cropped-BatoriKft_logo-1.png","contentUrl":"https:\/\/batorikft.hu\/wp-content\/uploads\/2023\/07\/cropped-BatoriKft_logo-1.png","width":511,"height":511,"caption":"B\u00e1tori Kft."},"image":{"@id":"https:\/\/batorikft.hu\/#\/schema\/logo\/image\/"}}]}},"_links":{"self":[{"href":"https:\/\/batorikft.hu\/en\/wp-json\/wp\/v2\/pages\/472","targetHints":{"allow":["GET"]}}],"collection":[{"href":"https:\/\/batorikft.hu\/en\/wp-json\/wp\/v2\/pages"}],"about":[{"href":"https:\/\/batorikft.hu\/en\/wp-json\/wp\/v2\/types\/page"}],"author":[{"embeddable":true,"href":"https:\/\/batorikft.hu\/en\/wp-json\/wp\/v2\/users\/1"}],"replies":[{"embeddable":true,"href":"https:\/\/batorikft.hu\/en\/wp-json\/wp\/v2\/comments?post=472"}],"version-history":[{"count":3,"href":"https:\/\/batorikft.hu\/en\/wp-json\/wp\/v2\/pages\/472\/revisions"}],"predecessor-version":[{"id":1593,"href":"https:\/\/batorikft.hu\/en\/wp-json\/wp\/v2\/pages\/472\/revisions\/1593"}],"wp:attachment":[{"href":"https:\/\/batorikft.hu\/en\/wp-json\/wp\/v2\/media?parent=472"}],"curies":[{"name":"wp","href":"https:\/\/api.w.org\/{rel}","templated":true}]}}