{"id":784,"date":"2023-08-22T12:11:58","date_gmt":"2023-08-22T10:11:58","guid":{"rendered":"https:\/\/batorikft.hu\/?page_id=784"},"modified":"2025-11-24T19:04:24","modified_gmt":"2025-11-24T18:04:24","slug":"cegismerteto","status":"publish","type":"page","link":"https:\/\/batorikft.hu\/en\/cegismerteto\/","title":{"rendered":"Company information"},"content":{"rendered":"<div data-elementor-type=\"wp-page\" data-elementor-id=\"784\" class=\"elementor elementor-784\" data-elementor-post-type=\"page\">\n\t\t\t\t<div class=\"elementor-element elementor-element-146447f6 e-flex e-con-boxed e-con e-parent\" data-id=\"146447f6\" data-element_type=\"container\" data-e-type=\"container\" data-settings=\"{&quot;background_background&quot;:&quot;classic&quot;,&quot;jet_parallax_layout_list&quot;:[]}\">\n\t\t\t\t\t<div class=\"e-con-inner\">\n\t\t<div class=\"elementor-element elementor-element-6fb5dc91 e-con-full e-flex e-con e-child\" data-id=\"6fb5dc91\" data-element_type=\"container\" data-e-type=\"container\" data-settings=\"{&quot;jet_parallax_layout_list&quot;:[]}\">\n\t\t\t\t<div class=\"elementor-element elementor-element-e37c4c2 de_scroll_animation_no elementor-invisible elementor-widget elementor-widget-heading\" data-id=\"e37c4c2\" data-element_type=\"widget\" data-e-type=\"widget\" data-settings=\"{&quot;_animation&quot;:&quot;fadeInUp&quot;}\" data-widget_type=\"heading.default\">\n\t\t\t\t<div class=\"elementor-widget-container\">\n\t\t\t\t\t<h1 class=\"elementor-heading-title elementor-size-default\">Company information<\/h1>\t\t\t\t<\/div>\n\t\t\t\t<\/div>\n\t\t\t\t<div class=\"elementor-element elementor-element-38223767 elementor-icon-list--layout-inline elementor-align-center elementor-list-item-link-full_width de_scroll_animation_no elementor-widget elementor-widget-icon-list\" data-id=\"38223767\" data-element_type=\"widget\" data-e-type=\"widget\" data-widget_type=\"icon-list.default\">\n\t\t\t\t<div class=\"elementor-widget-container\">\n\t\t\t\t\t\t\t<ul class=\"elementor-icon-list-items elementor-inline-items\">\n\t\t\t\t\t\t\t<li class=\"elementor-icon-list-item elementor-inline-item\">\n\t\t\t\t\t\t\t\t\t\t\t<a href=\"https:\/\/batorikft.hu\/en\/\">\n\n\t\t\t\t\t\t\t\t\t\t\t<span class=\"elementor-icon-list-text\">HOME PAGE<\/span>\n\t\t\t\t\t\t\t\t\t\t\t<\/a>\n\t\t\t\t\t\t\t\t\t<\/li>\n\t\t\t\t\t\t\t\t<li class=\"elementor-icon-list-item elementor-inline-item\">\n\t\t\t\t\t\t\t\t\t\t<span class=\"elementor-icon-list-text\">\/<\/span>\n\t\t\t\t\t\t\t\t\t<\/li>\n\t\t\t\t\t\t\t\t<li class=\"elementor-icon-list-item elementor-inline-item\">\n\t\t\t\t\t\t\t\t\t\t\t<a href=\"https:\/\/batorikft.hu\/en\/cegismerteto\/\">\n\n\t\t\t\t\t\t\t\t\t\t\t<span class=\"elementor-icon-list-text\">Company information<\/span>\n\t\t\t\t\t\t\t\t\t\t\t<\/a>\n\t\t\t\t\t\t\t\t\t<\/li>\n\t\t\t\t\t\t<\/ul>\n\t\t\t\t\t\t<\/div>\n\t\t\t\t<\/div>\n\t\t\t\t<\/div>\n\t\t\t\t\t<\/div>\n\t\t\t\t<\/div>\n\t\t<div class=\"elementor-element elementor-element-783547f e-flex e-con-boxed e-con e-parent\" data-id=\"783547f\" data-element_type=\"container\" data-e-type=\"container\" data-settings=\"{&quot;background_background&quot;:&quot;classic&quot;,&quot;jet_parallax_layout_list&quot;:[]}\">\n\t\t\t\t\t<div class=\"e-con-inner\">\n\t\t<div class=\"elementor-element elementor-element-df9c344 e-con-full e-flex e-con e-child\" data-id=\"df9c344\" data-element_type=\"container\" data-e-type=\"container\" data-settings=\"{&quot;jet_parallax_layout_list&quot;:[]}\">\n\t\t\t\t<div class=\"elementor-element elementor-element-09c033d de_scroll_animation_no elementor-widget elementor-widget-heading\" data-id=\"09c033d\" data-element_type=\"widget\" data-e-type=\"widget\" data-widget_type=\"heading.default\">\n\t\t\t\t<div class=\"elementor-widget-container\">\n\t\t\t\t\t<h2 class=\"elementor-heading-title elementor-size-default\">INTRODUCTION<\/h2>\t\t\t\t<\/div>\n\t\t\t\t<\/div>\n\t\t\t\t<div class=\"elementor-element elementor-element-214e013 de_scroll_animation_no elementor-widget elementor-widget-text-editor\" data-id=\"214e013\" data-element_type=\"widget\" data-e-type=\"widget\" data-widget_type=\"text-editor.default\">\n\t\t\t\t<div class=\"elementor-widget-container\">\n\t\t\t\t\t\t\t\t\t<p class=\"p1\">A B\u00e1tori Kft. tiszt\u00e1n magyar tulajdonban l\u00e9v\u0151 csal\u00e1di v\u00e1llalkoz\u00e1s, mely 24 \u00e9ve van jelen a piacon.<span style=\"font-weight: 400;\"> B\u00e1tori Ingatlankezel\u0151 Kft. was founded in 2001, followed by B\u00e1tori Logisztika Kft. in 2017. The two businesses help customers in close cooperation under the management of managing director and owner L\u00e1szl\u00f3 B\u00e1tori.<\/span><\/p>\t\t\t\t\t\t\t\t<\/div>\n\t\t\t\t<\/div>\n\t\t\t\t<\/div>\n\t\t<div class=\"elementor-element elementor-element-8f78f52 e-con-full e-flex e-con e-child\" data-id=\"8f78f52\" data-element_type=\"container\" data-e-type=\"container\" data-settings=\"{&quot;jet_parallax_layout_list&quot;:[]}\">\n\t\t\t\t<div class=\"elementor-element elementor-element-20bb75e de_scroll_animation_no elementor-widget elementor-widget-image\" data-id=\"20bb75e\" data-element_type=\"widget\" data-e-type=\"widget\" data-widget_type=\"image.default\">\n\t\t\t\t<div class=\"elementor-widget-container\">\n\t\t\t\t\t\t\t\t\t\t\t\t\t\t\t<img fetchpriority=\"high\" decoding=\"async\" width=\"512\" height=\"512\" src=\"https:\/\/batorikft.hu\/wp-content\/uploads\/2023\/07\/BatoriKft_logo-1.png\" class=\"attachment-large size-large wp-image-221\" alt=\"BatoriKft logo 1\" srcset=\"https:\/\/batorikft.hu\/wp-content\/uploads\/2023\/07\/BatoriKft_logo-1.png 512w, https:\/\/batorikft.hu\/wp-content\/uploads\/2023\/07\/BatoriKft_logo-1-300x300.png 300w, https:\/\/batorikft.hu\/wp-content\/uploads\/2023\/07\/BatoriKft_logo-1-150x150.png 150w\" sizes=\"(max-width: 512px) 100vw, 512px\" \/>\t\t\t\t\t\t\t\t\t\t\t\t\t\t\t<\/div>\n\t\t\t\t<\/div>\n\t\t\t\t<\/div>\n\t\t\t\t\t<\/div>\n\t\t\t\t<\/div>\n\t\t<div class=\"elementor-element elementor-element-9c213b7 e-flex e-con-boxed e-con e-parent\" data-id=\"9c213b7\" data-element_type=\"container\" data-e-type=\"container\" data-settings=\"{&quot;background_background&quot;:&quot;classic&quot;,&quot;jet_parallax_layout_list&quot;:[]}\">\n\t\t\t\t\t<div class=\"e-con-inner\">\n\t\t<div class=\"elementor-element elementor-element-0b08b59 e-con-full e-flex e-con e-child\" data-id=\"0b08b59\" data-element_type=\"container\" data-e-type=\"container\" data-settings=\"{&quot;jet_parallax_layout_list&quot;:[]}\">\n\t\t\t\t<div class=\"elementor-element elementor-element-616c2ad de_scroll_animation_no elementor-widget elementor-widget-image\" data-id=\"616c2ad\" data-element_type=\"widget\" data-e-type=\"widget\" data-widget_type=\"image.default\">\n\t\t\t\t<div class=\"elementor-widget-container\">\n\t\t\t\t\t\t\t\t\t\t\t\t\t\t\t<img decoding=\"async\" width=\"1024\" height=\"576\" src=\"https:\/\/batorikft.hu\/wp-content\/uploads\/2023\/08\/kontenerek-1024x576.jpg\" class=\"attachment-large size-large wp-image-900\" alt=\"kontenerek\" srcset=\"https:\/\/batorikft.hu\/wp-content\/uploads\/2023\/08\/kontenerek-1024x576.jpg 1024w, https:\/\/batorikft.hu\/wp-content\/uploads\/2023\/08\/kontenerek-300x169.jpg 300w, https:\/\/batorikft.hu\/wp-content\/uploads\/2023\/08\/kontenerek-768x432.jpg 768w, https:\/\/batorikft.hu\/wp-content\/uploads\/2023\/08\/kontenerek-1536x864.jpg 1536w, https:\/\/batorikft.hu\/wp-content\/uploads\/2023\/08\/kontenerek.jpg 1920w\" sizes=\"(max-width: 1024px) 100vw, 1024px\" \/>\t\t\t\t\t\t\t\t\t\t\t\t\t\t\t<\/div>\n\t\t\t\t<\/div>\n\t\t\t\t<\/div>\n\t\t<div class=\"elementor-element elementor-element-34f94fe e-con-full e-flex e-con e-child\" data-id=\"34f94fe\" data-element_type=\"container\" data-e-type=\"container\" data-settings=\"{&quot;jet_parallax_layout_list&quot;:[]}\">\n\t\t\t\t<div class=\"elementor-element elementor-element-dd49e3e de_scroll_animation_no elementor-widget elementor-widget-text-editor\" data-id=\"dd49e3e\" data-element_type=\"widget\" data-e-type=\"widget\" data-widget_type=\"text-editor.default\">\n\t\t\t\t<div class=\"elementor-widget-container\">\n\t\t\t\t\t\t\t\t\t<p><span style=\"font-weight: 400;\">Over the past 20 years, our company has become a reliable and leading player in the market in the field of warehousing and real estate management: with our 30,000 m2 storage capacity, our own machines and our team of experts, we ensure fast and efficient customer service, whether it is storage, warehousing, goods movement or real estate management.<\/span><\/p><p><span style=\"font-weight: 400;\">Thanks to our modern infrastructure and advanced technologies, we guarantee that the storage and movement of customers' goods will always be efficient, safe and accurate. Our flexibility and problem-solving ability enable us to efficiently handle the unique needs of each client.<\/span><\/p>\t\t\t\t\t\t\t\t<\/div>\n\t\t\t\t<\/div>\n\t\t\t\t<\/div>\n\t\t\t\t\t<\/div>\n\t\t\t\t<\/div>\n\t\t<div class=\"elementor-element elementor-element-da4d51d e-flex e-con-boxed e-con e-parent\" data-id=\"da4d51d\" data-element_type=\"container\" data-e-type=\"container\" data-settings=\"{&quot;background_background&quot;:&quot;classic&quot;,&quot;jet_parallax_layout_list&quot;:[]}\">\n\t\t\t\t\t<div class=\"e-con-inner\">\n\t\t<div class=\"elementor-element elementor-element-4b54707 e-flex e-con-boxed e-con e-child\" data-id=\"4b54707\" data-element_type=\"container\" data-e-type=\"container\" data-settings=\"{&quot;jet_parallax_layout_list&quot;:[]}\">\n\t\t\t\t\t<div class=\"e-con-inner\">\n\t\t\t\t<div class=\"elementor-element elementor-element-8e78939 elementor-position-top de_scroll_animation_no elementor-widget elementor-widget-image-box\" data-id=\"8e78939\" data-element_type=\"widget\" data-e-type=\"widget\" data-widget_type=\"image-box.default\">\n\t\t\t\t<div class=\"elementor-widget-container\">\n\t\t\t\t\t<div class=\"elementor-image-box-wrapper\"><figure class=\"elementor-image-box-img\"><img decoding=\"async\" width=\"512\" height=\"512\" src=\"https:\/\/batorikft.hu\/wp-content\/uploads\/2023\/08\/infrastructure.png\" class=\"attachment-full size-full wp-image-813\" alt=\"infrastructure\" srcset=\"https:\/\/batorikft.hu\/wp-content\/uploads\/2023\/08\/infrastructure.png 512w, https:\/\/batorikft.hu\/wp-content\/uploads\/2023\/08\/infrastructure-300x300.png 300w, https:\/\/batorikft.hu\/wp-content\/uploads\/2023\/08\/infrastructure-150x150.png 150w\" sizes=\"(max-width: 512px) 100vw, 512px\" \/><\/figure><div class=\"elementor-image-box-content\"><h3 class=\"elementor-image-box-title\">Modern infrastructure<br>and equipment park<\/h3><p class=\"elementor-image-box-description\">With our modern infrastructure and the latest technological tools, we ensure the fast, accurate and safe movement of goods, guaranteeing excellent service for our customers.<\/p><\/div><\/div>\t\t\t\t<\/div>\n\t\t\t\t<\/div>\n\t\t\t\t\t<\/div>\n\t\t\t\t<\/div>\n\t\t<div class=\"elementor-element elementor-element-ecb010f e-flex e-con-boxed e-con e-child\" data-id=\"ecb010f\" data-element_type=\"container\" data-e-type=\"container\" data-settings=\"{&quot;jet_parallax_layout_list&quot;:[]}\">\n\t\t\t\t\t<div class=\"e-con-inner\">\n\t\t\t\t<div class=\"elementor-element elementor-element-c7edfc5 elementor-position-top de_scroll_animation_no elementor-widget elementor-widget-image-box\" data-id=\"c7edfc5\" data-element_type=\"widget\" data-e-type=\"widget\" data-widget_type=\"image-box.default\">\n\t\t\t\t<div class=\"elementor-widget-container\">\n\t\t\t\t\t<div class=\"elementor-image-box-wrapper\"><figure class=\"elementor-image-box-img\"><img loading=\"lazy\" decoding=\"async\" width=\"512\" height=\"512\" src=\"https:\/\/batorikft.hu\/wp-content\/uploads\/2023\/08\/customer.png\" class=\"attachment-full size-full wp-image-822\" alt=\"customer\" srcset=\"https:\/\/batorikft.hu\/wp-content\/uploads\/2023\/08\/customer.png 512w, https:\/\/batorikft.hu\/wp-content\/uploads\/2023\/08\/customer-300x300.png 300w, https:\/\/batorikft.hu\/wp-content\/uploads\/2023\/08\/customer-150x150.png 150w\" sizes=\"(max-width: 512px) 100vw, 512px\" \/><\/figure><div class=\"elementor-image-box-content\"><h3 class=\"elementor-image-box-title\">CUSTOMER-CENTRIC APPROACH<\/h3><p class=\"elementor-image-box-description\">Thanks to our customer-focused approach, our company's problem-solving ability is exceptional, and we can quickly and efficiently solve all of our customers' problems.<\/p><\/div><\/div>\t\t\t\t<\/div>\n\t\t\t\t<\/div>\n\t\t\t\t\t<\/div>\n\t\t\t\t<\/div>\n\t\t<div class=\"elementor-element elementor-element-0803b01 e-flex e-con-boxed e-con e-child\" data-id=\"0803b01\" data-element_type=\"container\" data-e-type=\"container\" data-settings=\"{&quot;jet_parallax_layout_list&quot;:[]}\">\n\t\t\t\t\t<div class=\"e-con-inner\">\n\t\t\t\t<div class=\"elementor-element elementor-element-b4222af elementor-position-top de_scroll_animation_no elementor-widget elementor-widget-image-box\" data-id=\"b4222af\" data-element_type=\"widget\" data-e-type=\"widget\" data-widget_type=\"image-box.default\">\n\t\t\t\t<div class=\"elementor-widget-container\">\n\t\t\t\t\t<div class=\"elementor-image-box-wrapper\"><figure class=\"elementor-image-box-img\"><img loading=\"lazy\" decoding=\"async\" width=\"512\" height=\"512\" src=\"https:\/\/batorikft.hu\/wp-content\/uploads\/2023\/08\/worker.png\" class=\"attachment-full size-full wp-image-823\" alt=\"worker\" srcset=\"https:\/\/batorikft.hu\/wp-content\/uploads\/2023\/08\/worker.png 512w, https:\/\/batorikft.hu\/wp-content\/uploads\/2023\/08\/worker-300x300.png 300w, https:\/\/batorikft.hu\/wp-content\/uploads\/2023\/08\/worker-150x150.png 150w\" sizes=\"(max-width: 512px) 100vw, 512px\" \/><\/figure><div class=\"elementor-image-box-content\"><h3 class=\"elementor-image-box-title\">EXPERIENCED AND KNOWLEDGEABLE PROFESSIONALS<\/h3><p class=\"elementor-image-box-description\">With our decades of professional experience and with the help of our extensive team of specialists, we provide outstanding service and customer experience to our customers.<\/p><\/div><\/div>\t\t\t\t<\/div>\n\t\t\t\t<\/div>\n\t\t\t\t\t<\/div>\n\t\t\t\t<\/div>\n\t\t\t\t\t<\/div>\n\t\t\t\t<\/div>\n\t\t\t\t<\/div>","protected":false},"excerpt":{"rendered":"<p>C\u00e9gismertet\u0151 Kezd\u0151lap \/ C\u00e9gismertet\u0151 Bemutatkoz\u00e1s A B\u00e1tori Kft. tiszt\u00e1n magyar tulajdonban l\u00e9v\u0151 csal\u00e1di v\u00e1llalkoz\u00e1s, mely 24 \u00e9ve van jelen a piacon. A B\u00e1tori Ingatlankezel\u0151 Kft. 2001-ben alakult, majd ezt k\u00f6vette a B\u00e1tori Logisztika Kft. 2017-ben. A k\u00e9t v\u00e1llalkoz\u00e1s szoros egy\u00fcttm\u0171k\u00f6d\u00e9sben, B\u00e1tori L\u00e1szl\u00f3 \u00fcgyvezet\u0151 igazgat\u00f3 \u00e9s tulajdonos ir\u00e1ny\u00edt\u00e1s\u00e1val seg\u00edti az \u00fcgyfeleket. Az elm\u00falt 20 \u00e9vben c\u00e9g\u00fcnk &#8230; <a title=\"Company information\" class=\"read-more\" href=\"https:\/\/batorikft.hu\/en\/cegismerteto\/\" aria-label=\"Read more about C\u00e9gismertet\u0151\">Read more<\/a><\/p>","protected":false},"author":1,"featured_media":0,"parent":0,"menu_order":0,"comment_status":"closed","ping_status":"closed","template":"elementor_header_footer","meta":{"footnotes":""},"class_list":["post-784","page","type-page","status-publish"],"yoast_head":"<!-- This site is optimized with the Yoast SEO plugin v27.5 - https:\/\/yoast.com\/product\/yoast-seo-wordpress\/ -->\n<title>C\u00e9gismertet\u0151 - B\u00e1tori Kft.<\/title>\n<meta name=\"description\" content=\"Tapasztalat \u00e9s hat\u00e9konys\u00e1g: Rakt\u00e1roz\u00e1s \u00e9s logisztika ter\u00e9n vezet\u0151 szerepet v\u00e1llalunk. B\u00edzza r\u00e1nk a rakt\u00e1rkezel\u00e9s feladatait!\" \/>\n<meta name=\"robots\" content=\"index, follow, max-snippet:-1, max-image-preview:large, max-video-preview:-1\" \/>\n<link rel=\"canonical\" href=\"https:\/\/batorikft.hu\/en\/cegismerteto\/\" \/>\n<meta property=\"og:locale\" content=\"en_GB\" \/>\n<meta property=\"og:type\" content=\"article\" \/>\n<meta property=\"og:title\" content=\"C\u00e9gismertet\u0151 - B\u00e1tori Kft.\" \/>\n<meta property=\"og:description\" content=\"Tapasztalat \u00e9s hat\u00e9konys\u00e1g: Rakt\u00e1roz\u00e1s \u00e9s logisztika ter\u00e9n vezet\u0151 szerepet v\u00e1llalunk. B\u00edzza r\u00e1nk a rakt\u00e1rkezel\u00e9s feladatait!\" \/>\n<meta property=\"og:url\" content=\"https:\/\/batorikft.hu\/en\/cegismerteto\/\" \/>\n<meta property=\"og:site_name\" content=\"B\u00e1tori Kft.\" \/>\n<meta property=\"article:modified_time\" content=\"2025-11-24T18:04:24+00:00\" \/>\n<meta property=\"og:image\" content=\"https:\/\/batorikft.hu\/wp-content\/uploads\/2023\/07\/BatoriKft_logo-1.png\" \/>\n\t<meta property=\"og:image:width\" content=\"512\" \/>\n\t<meta property=\"og:image:height\" content=\"512\" \/>\n\t<meta property=\"og:image:type\" content=\"image\/png\" \/>\n<meta name=\"twitter:card\" content=\"summary_large_image\" \/>\n<script type=\"application\/ld+json\" class=\"yoast-schema-graph\">{\"@context\":\"https:\\\/\\\/schema.org\",\"@graph\":[{\"@type\":\"WebPage\",\"@id\":\"https:\\\/\\\/batorikft.hu\\\/cegismerteto\\\/\",\"url\":\"https:\\\/\\\/batorikft.hu\\\/cegismerteto\\\/\",\"name\":\"C\u00e9gismertet\u0151 - B\u00e1tori Kft.\",\"isPartOf\":{\"@id\":\"https:\\\/\\\/batorikft.hu\\\/#website\"},\"primaryImageOfPage\":{\"@id\":\"https:\\\/\\\/batorikft.hu\\\/cegismerteto\\\/#primaryimage\"},\"image\":{\"@id\":\"https:\\\/\\\/batorikft.hu\\\/cegismerteto\\\/#primaryimage\"},\"thumbnailUrl\":\"https:\\\/\\\/batorikft.hu\\\/wp-content\\\/uploads\\\/2023\\\/07\\\/BatoriKft_logo-1.png\",\"datePublished\":\"2023-08-22T10:11:58+00:00\",\"dateModified\":\"2025-11-24T18:04:24+00:00\",\"description\":\"Tapasztalat \u00e9s hat\u00e9konys\u00e1g: Rakt\u00e1roz\u00e1s \u00e9s logisztika ter\u00e9n vezet\u0151 szerepet v\u00e1llalunk. B\u00edzza r\u00e1nk a rakt\u00e1rkezel\u00e9s feladatait!\",\"breadcrumb\":{\"@id\":\"https:\\\/\\\/batorikft.hu\\\/cegismerteto\\\/#breadcrumb\"},\"inLanguage\":\"en-GB\",\"potentialAction\":[{\"@type\":\"ReadAction\",\"target\":[\"https:\\\/\\\/batorikft.hu\\\/cegismerteto\\\/\"]}]},{\"@type\":\"ImageObject\",\"inLanguage\":\"en-GB\",\"@id\":\"https:\\\/\\\/batorikft.hu\\\/cegismerteto\\\/#primaryimage\",\"url\":\"https:\\\/\\\/batorikft.hu\\\/wp-content\\\/uploads\\\/2023\\\/07\\\/BatoriKft_logo-1.png\",\"contentUrl\":\"https:\\\/\\\/batorikft.hu\\\/wp-content\\\/uploads\\\/2023\\\/07\\\/BatoriKft_logo-1.png\"},{\"@type\":\"BreadcrumbList\",\"@id\":\"https:\\\/\\\/batorikft.hu\\\/cegismerteto\\\/#breadcrumb\",\"itemListElement\":[{\"@type\":\"ListItem\",\"position\":1,\"name\":\"Kezd\u0151lap\",\"item\":\"https:\\\/\\\/batorikft.hu\\\/\"},{\"@type\":\"ListItem\",\"position\":2,\"name\":\"C\u00e9gismertet\u0151\"}]},{\"@type\":\"WebSite\",\"@id\":\"https:\\\/\\\/batorikft.hu\\\/#website\",\"url\":\"https:\\\/\\\/batorikft.hu\\\/\",\"name\":\"B\u00e1tori Kft.\",\"description\":\"Rakt\u00e1roz\u00e1si \u00e9s logisztikai k\u00f6zpont: 30 000 m\u00b2 rakt\u00e1rkapacit\u00e1ssal \u00e9s saj\u00e1t iparv\u00e1g\u00e1nnyal\",\"publisher\":{\"@id\":\"https:\\\/\\\/batorikft.hu\\\/#organization\"},\"potentialAction\":[{\"@type\":\"SearchAction\",\"target\":{\"@type\":\"EntryPoint\",\"urlTemplate\":\"https:\\\/\\\/batorikft.hu\\\/?s={search_term_string}\"},\"query-input\":{\"@type\":\"PropertyValueSpecification\",\"valueRequired\":true,\"valueName\":\"search_term_string\"}}],\"inLanguage\":\"en-GB\"},{\"@type\":\"Organization\",\"@id\":\"https:\\\/\\\/batorikft.hu\\\/#organization\",\"name\":\"B\u00e1tori Kft.\",\"url\":\"https:\\\/\\\/batorikft.hu\\\/\",\"logo\":{\"@type\":\"ImageObject\",\"inLanguage\":\"en-GB\",\"@id\":\"https:\\\/\\\/batorikft.hu\\\/#\\\/schema\\\/logo\\\/image\\\/\",\"url\":\"https:\\\/\\\/batorikft.hu\\\/wp-content\\\/uploads\\\/2023\\\/07\\\/cropped-BatoriKft_logo-1.png\",\"contentUrl\":\"https:\\\/\\\/batorikft.hu\\\/wp-content\\\/uploads\\\/2023\\\/07\\\/cropped-BatoriKft_logo-1.png\",\"width\":511,\"height\":511,\"caption\":\"B\u00e1tori Kft.\"},\"image\":{\"@id\":\"https:\\\/\\\/batorikft.hu\\\/#\\\/schema\\\/logo\\\/image\\\/\"}}]}<\/script>\n<!-- \/ Yoast SEO plugin. -->","yoast_head_json":{"title":"C\u00e9gismertet\u0151 - B\u00e1tori Kft.","description":"Tapasztalat \u00e9s hat\u00e9konys\u00e1g: Rakt\u00e1roz\u00e1s \u00e9s logisztika ter\u00e9n vezet\u0151 szerepet v\u00e1llalunk. B\u00edzza r\u00e1nk a rakt\u00e1rkezel\u00e9s feladatait!","robots":{"index":"index","follow":"follow","max-snippet":"max-snippet:-1","max-image-preview":"max-image-preview:large","max-video-preview":"max-video-preview:-1"},"canonical":"https:\/\/batorikft.hu\/en\/cegismerteto\/","og_locale":"en_GB","og_type":"article","og_title":"C\u00e9gismertet\u0151 - B\u00e1tori Kft.","og_description":"Tapasztalat \u00e9s hat\u00e9konys\u00e1g: Rakt\u00e1roz\u00e1s \u00e9s logisztika ter\u00e9n vezet\u0151 szerepet v\u00e1llalunk. B\u00edzza r\u00e1nk a rakt\u00e1rkezel\u00e9s feladatait!","og_url":"https:\/\/batorikft.hu\/en\/cegismerteto\/","og_site_name":"B\u00e1tori Kft.","article_modified_time":"2025-11-24T18:04:24+00:00","og_image":[{"width":512,"height":512,"url":"https:\/\/batorikft.hu\/wp-content\/uploads\/2023\/07\/BatoriKft_logo-1.png","type":"image\/png"}],"twitter_card":"summary_large_image","schema":{"@context":"https:\/\/schema.org","@graph":[{"@type":"WebPage","@id":"https:\/\/batorikft.hu\/cegismerteto\/","url":"https:\/\/batorikft.hu\/cegismerteto\/","name":"C\u00e9gismertet\u0151 - B\u00e1tori Kft.","isPartOf":{"@id":"https:\/\/batorikft.hu\/#website"},"primaryImageOfPage":{"@id":"https:\/\/batorikft.hu\/cegismerteto\/#primaryimage"},"image":{"@id":"https:\/\/batorikft.hu\/cegismerteto\/#primaryimage"},"thumbnailUrl":"https:\/\/batorikft.hu\/wp-content\/uploads\/2023\/07\/BatoriKft_logo-1.png","datePublished":"2023-08-22T10:11:58+00:00","dateModified":"2025-11-24T18:04:24+00:00","description":"Tapasztalat \u00e9s hat\u00e9konys\u00e1g: Rakt\u00e1roz\u00e1s \u00e9s logisztika ter\u00e9n vezet\u0151 szerepet v\u00e1llalunk. B\u00edzza r\u00e1nk a rakt\u00e1rkezel\u00e9s feladatait!","breadcrumb":{"@id":"https:\/\/batorikft.hu\/cegismerteto\/#breadcrumb"},"inLanguage":"en-GB","potentialAction":[{"@type":"ReadAction","target":["https:\/\/batorikft.hu\/cegismerteto\/"]}]},{"@type":"ImageObject","inLanguage":"en-GB","@id":"https:\/\/batorikft.hu\/cegismerteto\/#primaryimage","url":"https:\/\/batorikft.hu\/wp-content\/uploads\/2023\/07\/BatoriKft_logo-1.png","contentUrl":"https:\/\/batorikft.hu\/wp-content\/uploads\/2023\/07\/BatoriKft_logo-1.png"},{"@type":"BreadcrumbList","@id":"https:\/\/batorikft.hu\/cegismerteto\/#breadcrumb","itemListElement":[{"@type":"ListItem","position":1,"name":"Kezd\u0151lap","item":"https:\/\/batorikft.hu\/"},{"@type":"ListItem","position":2,"name":"C\u00e9gismertet\u0151"}]},{"@type":"WebSite","@id":"https:\/\/batorikft.hu\/#website","url":"https:\/\/batorikft.hu\/","name":"B\u00e1tori Kft.","description":"Rakt\u00e1roz\u00e1si \u00e9s logisztikai k\u00f6zpont: 30 000 m\u00b2 rakt\u00e1rkapacit\u00e1ssal \u00e9s saj\u00e1t iparv\u00e1g\u00e1nnyal","publisher":{"@id":"https:\/\/batorikft.hu\/#organization"},"potentialAction":[{"@type":"SearchAction","target":{"@type":"EntryPoint","urlTemplate":"https:\/\/batorikft.hu\/?s={search_term_string}"},"query-input":{"@type":"PropertyValueSpecification","valueRequired":true,"valueName":"search_term_string"}}],"inLanguage":"en-GB"},{"@type":"Organization","@id":"https:\/\/batorikft.hu\/#organization","name":"B\u00e1tori Kft.","url":"https:\/\/batorikft.hu\/","logo":{"@type":"ImageObject","inLanguage":"en-GB","@id":"https:\/\/batorikft.hu\/#\/schema\/logo\/image\/","url":"https:\/\/batorikft.hu\/wp-content\/uploads\/2023\/07\/cropped-BatoriKft_logo-1.png","contentUrl":"https:\/\/batorikft.hu\/wp-content\/uploads\/2023\/07\/cropped-BatoriKft_logo-1.png","width":511,"height":511,"caption":"B\u00e1tori Kft."},"image":{"@id":"https:\/\/batorikft.hu\/#\/schema\/logo\/image\/"}}]}},"_links":{"self":[{"href":"https:\/\/batorikft.hu\/en\/wp-json\/wp\/v2\/pages\/784","targetHints":{"allow":["GET"]}}],"collection":[{"href":"https:\/\/batorikft.hu\/en\/wp-json\/wp\/v2\/pages"}],"about":[{"href":"https:\/\/batorikft.hu\/en\/wp-json\/wp\/v2\/types\/page"}],"author":[{"embeddable":true,"href":"https:\/\/batorikft.hu\/en\/wp-json\/wp\/v2\/users\/1"}],"replies":[{"embeddable":true,"href":"https:\/\/batorikft.hu\/en\/wp-json\/wp\/v2\/comments?post=784"}],"version-history":[{"count":3,"href":"https:\/\/batorikft.hu\/en\/wp-json\/wp\/v2\/pages\/784\/revisions"}],"predecessor-version":[{"id":1639,"href":"https:\/\/batorikft.hu\/en\/wp-json\/wp\/v2\/pages\/784\/revisions\/1639"}],"wp:attachment":[{"href":"https:\/\/batorikft.hu\/en\/wp-json\/wp\/v2\/media?parent=784"}],"curies":[{"name":"wp","href":"https:\/\/api.w.org\/{rel}","templated":true}]}}